{"id":17,"date":"2023-11-06T11:17:16","date_gmt":"2023-11-06T11:17:16","guid":{"rendered":"https:\/\/eventdk.nordiske-medier.dk\/?page_id=17"},"modified":"2025-03-28T13:22:37","modified_gmt":"2025-03-28T12:22:37","slug":"kontakt","status":"publish","type":"page","link":"https:\/\/nmevents.dk\/buildingawards\/kontakt\/","title":{"rendered":"Kontakt"},"content":{"rendered":"\t\t<div data-elementor-type=\"wp-page\" data-elementor-id=\"17\" class=\"elementor elementor-17\" data-elementor-post-type=\"page\">\n\t\t\t\t<div class=\"elementor-element elementor-element-f62896f e-flex e-con-boxed e-con e-parent\" data-id=\"f62896f\" data-element_type=\"container\" data-e-type=\"container\">\n\t\t\t\t\t<div class=\"e-con-inner\">\n\t\t\t\t<div class=\"elementor-element elementor-element-a0ca7b4 elementor-widget elementor-widget-heading\" data-id=\"a0ca7b4\" data-element_type=\"widget\" data-e-type=\"widget\" data-widget_type=\"heading.default\">\n\t\t\t\t<div class=\"elementor-widget-container\">\n\t\t\t\t\t<h2 class=\"elementor-heading-title elementor-size-default\">Har du sp\u00f8rgsm\u00e5l til Building Awards?<\/h2>\t\t\t\t<\/div>\n\t\t\t\t<\/div>\n\t\t\t\t<div class=\"elementor-element elementor-element-f76b6f7 elementor-widget elementor-widget-heading\" data-id=\"f76b6f7\" data-element_type=\"widget\" data-e-type=\"widget\" data-widget_type=\"heading.default\">\n\t\t\t\t<div class=\"elementor-widget-container\">\n\t\t\t\t\t<h2 class=\"elementor-heading-title elementor-size-medium\"><a href=\"https:\/\/nmevents.dk\/buildingawards\/faq\/\">Vi sidder klar til at hj\u00e6lpe. Du kan ogs\u00e5 finde svar p\u00e5 de mest stillede sp\u00f8rgsm\u00e5l i vores FAQ.<\/a><\/h2>\t\t\t\t<\/div>\n\t\t\t\t<\/div>\n\t\t\t\t\t<\/div>\n\t\t\t\t<\/div>\n\t\t<div class=\"elementor-element elementor-element-f63c86f e-flex e-con-boxed e-con e-parent\" data-id=\"f63c86f\" data-element_type=\"container\" data-e-type=\"container\">\n\t\t\t\t\t<div class=\"e-con-inner\">\n\t\t\t\t<div class=\"elementor-element elementor-element-fd232fa elementor-widget-divider--view-line elementor-widget elementor-widget-divider\" data-id=\"fd232fa\" data-element_type=\"widget\" data-e-type=\"widget\" data-widget_type=\"divider.default\">\n\t\t\t\t<div class=\"elementor-widget-container\">\n\t\t\t\t\t\t\t<div class=\"elementor-divider\">\n\t\t\t<span class=\"elementor-divider-separator\">\n\t\t\t\t\t\t<\/span>\n\t\t<\/div>\n\t\t\t\t\t\t<\/div>\n\t\t\t\t<\/div>\n\t\t\t\t\t<\/div>\n\t\t\t\t<\/div>\n\t\t<div class=\"elementor-element elementor-element-4de450c e-flex e-con-boxed e-con e-parent\" data-id=\"4de450c\" data-element_type=\"container\" data-e-type=\"container\">\n\t\t\t\t\t<div class=\"e-con-inner\">\n\t\t<div class=\"elementor-element elementor-element-f7fbf89 e-con-full e-flex e-con e-child\" data-id=\"f7fbf89\" data-element_type=\"container\" data-e-type=\"container\">\n\t\t\t\t<div class=\"elementor-element elementor-element-fff2c71 elementor-widget elementor-widget-image\" data-id=\"fff2c71\" data-element_type=\"widget\" data-e-type=\"widget\" data-widget_type=\"image.default\">\n\t\t\t\t<div class=\"elementor-widget-container\">\n\t\t\t\t\t\t\t\t\t\t\t\t\t\t\t<img fetchpriority=\"high\" decoding=\"async\" width=\"350\" height=\"350\" src=\"https:\/\/nmevents.dk\/buildingawards\/wp-content\/uploads\/sites\/7\/2024\/03\/Design-uden-navn-2024-03-15T120905.071.png\" class=\"attachment-full size-full wp-image-2168\" alt=\"\" srcset=\"https:\/\/nmevents.dk\/buildingawards\/wp-content\/uploads\/sites\/7\/2024\/03\/Design-uden-navn-2024-03-15T120905.071.png 350w, https:\/\/nmevents.dk\/buildingawards\/wp-content\/uploads\/sites\/7\/2024\/03\/Design-uden-navn-2024-03-15T120905.071-300x300.png 300w, https:\/\/nmevents.dk\/buildingawards\/wp-content\/uploads\/sites\/7\/2024\/03\/Design-uden-navn-2024-03-15T120905.071-150x150.png 150w\" sizes=\"(max-width: 350px) 100vw, 350px\" \/>\t\t\t\t\t\t\t\t\t\t\t\t\t\t\t<\/div>\n\t\t\t\t<\/div>\n\t\t\t\t<div class=\"elementor-element elementor-element-f649b48 elementor-widget elementor-widget-heading\" data-id=\"f649b48\" data-element_type=\"widget\" data-e-type=\"widget\" data-widget_type=\"heading.default\">\n\t\t\t\t<div class=\"elementor-widget-container\">\n\t\t\t\t\t<h2 class=\"elementor-heading-title elementor-size-large\">Jonas Kyvsgaard<\/h2>\t\t\t\t<\/div>\n\t\t\t\t<\/div>\n\t\t\t\t<div class=\"elementor-element elementor-element-c739674 elementor-widget elementor-widget-text-editor\" data-id=\"c739674\" data-element_type=\"widget\" data-e-type=\"widget\" data-widget_type=\"text-editor.default\">\n\t\t\t\t<div class=\"elementor-widget-container\">\n\t\t\t\t\t\t\t\t\t<p>Event Manager, Nordiske Medier\u00a0<br \/>Telefon: +45 28 94 88 77<br \/>E-mail: <a href=\"mailto:jky@nordiskemedier.dk\" target=\"_blank\" rel=\"noopener\">jky@nordiskemedier.dk<\/a><\/p>\t\t\t\t\t\t\t\t<\/div>\n\t\t\t\t<\/div>\n\t\t\t\t<\/div>\n\t\t<div class=\"elementor-element elementor-element-c6d2b0f e-con-full e-flex e-con e-child\" data-id=\"c6d2b0f\" data-element_type=\"container\" data-e-type=\"container\">\n\t\t\t\t<div class=\"elementor-element elementor-element-d608512 elementor-widget elementor-widget-image\" data-id=\"d608512\" data-element_type=\"widget\" data-e-type=\"widget\" data-widget_type=\"image.default\">\n\t\t\t\t<div class=\"elementor-widget-container\">\n\t\t\t\t\t\t\t\t\t\t\t\t\t\t\t<img decoding=\"async\" width=\"350\" height=\"350\" src=\"https:\/\/nmevents.dk\/buildingawards\/wp-content\/uploads\/sites\/7\/2024\/03\/Design-uden-navn-2024-03-15T114907.011.png\" class=\"attachment-large size-large wp-image-2154\" alt=\"\" srcset=\"https:\/\/nmevents.dk\/buildingawards\/wp-content\/uploads\/sites\/7\/2024\/03\/Design-uden-navn-2024-03-15T114907.011.png 350w, https:\/\/nmevents.dk\/buildingawards\/wp-content\/uploads\/sites\/7\/2024\/03\/Design-uden-navn-2024-03-15T114907.011-300x300.png 300w, https:\/\/nmevents.dk\/buildingawards\/wp-content\/uploads\/sites\/7\/2024\/03\/Design-uden-navn-2024-03-15T114907.011-150x150.png 150w\" sizes=\"(max-width: 350px) 100vw, 350px\" \/>\t\t\t\t\t\t\t\t\t\t\t\t\t\t\t<\/div>\n\t\t\t\t<\/div>\n\t\t\t\t<div class=\"elementor-element elementor-element-7fe0224 elementor-widget elementor-widget-heading\" data-id=\"7fe0224\" data-element_type=\"widget\" data-e-type=\"widget\" data-widget_type=\"heading.default\">\n\t\t\t\t<div class=\"elementor-widget-container\">\n\t\t\t\t\t<h2 class=\"elementor-heading-title elementor-size-large\">Mads Frimann Petersen<\/h2>\t\t\t\t<\/div>\n\t\t\t\t<\/div>\n\t\t\t\t<div class=\"elementor-element elementor-element-bd5de00 elementor-widget elementor-widget-text-editor\" data-id=\"bd5de00\" data-element_type=\"widget\" data-e-type=\"widget\" data-widget_type=\"text-editor.default\">\n\t\t\t\t<div class=\"elementor-widget-container\">\n\t\t\t\t\t\t\t\t\t<p><span style=\"color: var( --e-global-color-primary ); text-align: var(--text-align);\">Teamleder, Nordiske Medier<\/span>\u00a0<br \/>Telefon: +45 22 50 37 96<br \/>E-mail: <a href=\"mailto:map@nordiskemedier.dk\" target=\"_blank\" rel=\"noopener\">map@nordiskemedier.dk<\/a><\/p>\t\t\t\t\t\t\t\t<\/div>\n\t\t\t\t<\/div>\n\t\t\t\t<\/div>\n\t\t\t\t\t<\/div>\n\t\t\t\t<\/div>\n\t\t\t\t<\/div>\n\t\t","protected":false},"excerpt":{"rendered":"<p>Har du sp\u00f8rgsm\u00e5l til Building Awards? Vi sidder klar til at hj\u00e6lpe. Du kan ogs\u00e5 finde svar p\u00e5 de mest stillede sp\u00f8rgsm\u00e5l i vores FAQ. Jonas Kyvsgaard Event Manager, Nordiske Medier Telefon: +45 28 94 88 77 E-mail: jky@nordiskemedier.dk Mads Frimann Petersen Teamleder, Nordiske Medier Telefon: +45 22 50 37 96 E-mail: map@nordiskemedier.dk<\/p>\n","protected":false},"author":1,"featured_media":0,"parent":0,"menu_order":0,"comment_status":"closed","ping_status":"closed","template":"elementor_header_footer","meta":{"_acf_changed":false,"inline_featured_image":false,"footnotes":""},"class_list":["post-17","page","type-page","status-publish","hentry"],"acf":[],"_links":{"self":[{"href":"https:\/\/nmevents.dk\/buildingawards\/wp-json\/wp\/v2\/pages\/17","targetHints":{"allow":["GET"]}}],"collection":[{"href":"https:\/\/nmevents.dk\/buildingawards\/wp-json\/wp\/v2\/pages"}],"about":[{"href":"https:\/\/nmevents.dk\/buildingawards\/wp-json\/wp\/v2\/types\/page"}],"author":[{"embeddable":true,"href":"https:\/\/nmevents.dk\/buildingawards\/wp-json\/wp\/v2\/users\/1"}],"replies":[{"embeddable":true,"href":"https:\/\/nmevents.dk\/buildingawards\/wp-json\/wp\/v2\/comments?post=17"}],"version-history":[{"count":56,"href":"https:\/\/nmevents.dk\/buildingawards\/wp-json\/wp\/v2\/pages\/17\/revisions"}],"predecessor-version":[{"id":7711,"href":"https:\/\/nmevents.dk\/buildingawards\/wp-json\/wp\/v2\/pages\/17\/revisions\/7711"}],"wp:attachment":[{"href":"https:\/\/nmevents.dk\/buildingawards\/wp-json\/wp\/v2\/media?parent=17"}],"curies":[{"name":"wp","href":"https:\/\/api.w.org\/{rel}","templated":true}]}}