{"id":201,"date":"2023-11-08T13:46:21","date_gmt":"2023-11-08T11:46:21","guid":{"rendered":"https:\/\/eventdk.nordiske-medier.dk\/atervinningsgalan\/?page_id=201"},"modified":"2025-03-28T13:11:02","modified_gmt":"2025-03-28T12:11:02","slug":"om-os","status":"publish","type":"page","link":"https:\/\/nmevents.dk\/buildingawards\/om-os\/","title":{"rendered":"Om os"},"content":{"rendered":"\t\t<div data-elementor-type=\"wp-page\" data-elementor-id=\"201\" class=\"elementor elementor-201\" data-elementor-post-type=\"page\">\n\t\t\t\t<div class=\"elementor-element elementor-element-3be23d9 e-flex e-con-boxed e-con e-parent\" data-id=\"3be23d9\" data-element_type=\"container\" data-e-type=\"container\">\n\t\t\t\t\t<div class=\"e-con-inner\">\n\t\t\t\t<div class=\"elementor-element elementor-element-6d72688 elementor-widget elementor-widget-heading\" data-id=\"6d72688\" data-element_type=\"widget\" data-e-type=\"widget\" data-widget_type=\"heading.default\">\n\t\t\t\t<div class=\"elementor-widget-container\">\n\t\t\t\t\t<h1 class=\"elementor-heading-title elementor-size-default\">Om Building Awards<\/h1>\t\t\t\t<\/div>\n\t\t\t\t<\/div>\n\t\t\t\t\t<\/div>\n\t\t\t\t<\/div>\n\t\t<div class=\"elementor-element elementor-element-bd723ed e-flex e-con-boxed e-con e-parent\" data-id=\"bd723ed\" data-element_type=\"container\" data-e-type=\"container\">\n\t\t\t\t\t<div class=\"e-con-inner\">\n\t\t<div class=\"elementor-element elementor-element-eee8f4c e-con-full e-flex e-con e-child\" data-id=\"eee8f4c\" data-element_type=\"container\" data-e-type=\"container\">\n\t\t<div class=\"elementor-element elementor-element-b24ba64 e-con-full e-flex e-con e-child\" data-id=\"b24ba64\" data-element_type=\"container\" data-e-type=\"container\">\n\t\t\t\t<div class=\"elementor-element elementor-element-42ed4c9 elementor-widget elementor-widget-heading\" data-id=\"42ed4c9\" data-element_type=\"widget\" data-e-type=\"widget\" data-widget_type=\"heading.default\">\n\t\t\t\t<div class=\"elementor-widget-container\">\n\t\t\t\t\t<h2 class=\"elementor-heading-title elementor-size-default\">For den danske byggebranche og samfund<\/h2>\t\t\t\t<\/div>\n\t\t\t\t<\/div>\n\t\t\t\t<div class=\"elementor-element elementor-element-dc21fe1 elementor-widget elementor-widget-text-editor\" data-id=\"dc21fe1\" data-element_type=\"widget\" data-e-type=\"widget\" data-widget_type=\"text-editor.default\">\n\t\t\t\t<div class=\"elementor-widget-container\">\n\t\t\t\t\t\t\t\t\t<p><span data-contrast=\"auto\">Bygge- og anl\u00e6gsbranchen har aldrig st\u00e5et over for flere sp\u00e6ndende udfordringer, end den g\u00f8r i dag.\u00a0<\/span><span data-contrast=\"auto\">Klimaforandringerne s\u00e6tter sk\u00e6rpede krav til b\u00e6redygtighed. Vores forventninger til de boliger, vi lever i, stiger. Og den infrastruktur, der forbinder os, skal v\u00e6re endnu bedre.\u00a0Dette cementerer, at bygge- og anl\u00e6gsbranchen st\u00e5r ansigt til ansigt med nye udfordringer, der fordrer nyt\u00e6nkning, mod og fremsyn.<\/span><span data-ccp-props=\"{}\">\u00a0<\/span><\/p><p><span data-contrast=\"auto\">Det var netop med baggrund i disse udfordringer, at Licitationen \u2013 Byggeriets Dagblad s\u00e5 et behov for at bringe branchen t\u00e6ttere sammen og hylde dem, der g\u00e5r forrest. I 2018 \u2013 110 \u00e5r efter at Licitationen blev grundlagt \u2013 l\u00f8d startskuddet til Building Awards.<\/span><span data-ccp-props=\"{}\">\u00a0<\/span><\/p><p><b><span data-contrast=\"auto\"><br \/>Branchens samlingspunkt<\/span><\/b><span data-ccp-props=\"{}\">\u00a0<\/span><\/p><p><span data-contrast=\"auto\">Building Awards er et unikt er en prisuddelingsfest, der samler de st\u00f8rste og mest innovative virksomheder i den danske bygge- og anl\u00e6gsbranche. I t\u00e6t samarbejde med en udvalgt jury, der best\u00e5r af ledende akt\u00f8rer fra branchen, uddeler Building Awards flere forskellige priser, der s\u00e6tter fokus p\u00e5 hvert deres indsatsomr\u00e5de inden for udviklingen af dansk byggeri. <\/span><span data-ccp-props=\"{}\">\u00a0<\/span><\/p><p><span data-contrast=\"auto\">Building Awards skydes i gang i marts, hvor nomineringerne til de respektive priser \u00e5bner, og kulminerer i november til branchens st\u00f8rste award show, hvor branchen samles for at inspireres, netv\u00e6rke og hylde vinderne.<\/span><span data-ccp-props=\"{}\">\u00a0<\/span><\/p><p><span data-contrast=\"auto\">I dag samler Building Awards alt fra entrepren\u00f8rer, h\u00e5ndv\u00e6rkere og bygherrer til arkitekter, r\u00e5dgivende ingeni\u00f8rer og byggematerialeproducenter. Dette giver alle deltagere mulighed for at styrke deres synlighed i branchen og skabe et netv\u00e6rk blandt beslutningstagere og nye samarbejdspartnere. <\/span><span data-ccp-props=\"{}\">\u00a0<\/span><\/p><p><span data-contrast=\"auto\">Vi tilbyder mange forskellige former for samarbejde og kan garantere bred eksponering for b\u00e5de finalister, sponsorer og samarbejdspartnere p\u00e5 Licitationens velbes\u00f8gte medieplatform.<\/span><span data-ccp-props=\"{}\">\u00a0<\/span><\/p><p><span data-contrast=\"auto\">Vi gl\u00e6der os til at byde jer velkommen i branchef\u00e6llesskabet, s\u00e5 vi sammen kan l\u00e6gge byggestenene til det fremtidige Danmark \u2013 til gavn for jeres forretning, for branchen og for samfundet.\u202f<\/span><span data-ccp-props=\"{}\">\u00a0<\/span><\/p>\t\t\t\t\t\t\t\t<\/div>\n\t\t\t\t<\/div>\n\t\t\t\t<\/div>\n\t\t\t\t<\/div>\n\t\t\t\t\t<\/div>\n\t\t\t\t<\/div>\n\t\t<div class=\"elementor-element elementor-element-2bd8822 e-flex e-con-boxed e-con e-parent\" data-id=\"2bd8822\" data-element_type=\"container\" data-e-type=\"container\" data-settings=\"{&quot;background_background&quot;:&quot;classic&quot;}\">\n\t\t\t\t\t<div class=\"e-con-inner\">\n\t\t<div class=\"elementor-element elementor-element-87f085d e-grid e-con-full e-con e-child\" data-id=\"87f085d\" data-element_type=\"container\" data-e-type=\"container\">\n\t\t<div class=\"elementor-element elementor-element-61d0149 e-con-full e-flex e-con e-child\" data-id=\"61d0149\" data-element_type=\"container\" data-e-type=\"container\">\n\t\t\t\t<div class=\"elementor-element elementor-element-1739042 elementor-widget__width-initial elementor-widget elementor-widget-heading\" data-id=\"1739042\" data-element_type=\"widget\" data-e-type=\"widget\" data-widget_type=\"heading.default\">\n\t\t\t\t<div class=\"elementor-widget-container\">\n\t\t\t\t\t<h2 class=\"elementor-heading-title elementor-size-default\"><a href=\"https:\/\/www.licitationen.dk\/\">L\u00e6s med om Building Awards\np\u00e5 Licitationen<\/a><\/h2>\t\t\t\t<\/div>\n\t\t\t\t<\/div>\n\t\t\t\t<div class=\"elementor-element elementor-element-8fe81b5 elementor-widget elementor-widget-text-editor\" data-id=\"8fe81b5\" data-element_type=\"widget\" data-e-type=\"widget\" data-widget_type=\"text-editor.default\">\n\t\t\t\t<div class=\"elementor-widget-container\">\n\t\t\t\t\t\t\t\t\t<p>P\u00e5 Licitationen kan du altid finde seneste nyt om Building Awards. Her kan du l\u00e6se artikler, interviews og portr\u00e6tter om alle finalisterne, s\u00e5 du er opdateret.<\/p>\t\t\t\t\t\t\t\t<\/div>\n\t\t\t\t<\/div>\n\t\t\t\t<div class=\"elementor-element elementor-element-ad81960 elementor-align-left elementor-widget elementor-widget-button\" data-id=\"ad81960\" data-element_type=\"widget\" data-e-type=\"widget\" data-widget_type=\"button.default\">\n\t\t\t\t<div class=\"elementor-widget-container\">\n\t\t\t\t\t\t\t\t\t<div class=\"elementor-button-wrapper\">\n\t\t\t\t\t<a class=\"elementor-button elementor-button-link elementor-size-sm\" href=\"https:\/\/www.licitationen.dk\/topic\/view\/1058\/building_awards_2024\">\n\t\t\t\t\t\t<span class=\"elementor-button-content-wrapper\">\n\t\t\t\t\t\t\t\t\t<span class=\"elementor-button-text\">L\u00e6s mere om Building Awards<\/span>\n\t\t\t\t\t<\/span>\n\t\t\t\t\t<\/a>\n\t\t\t\t<\/div>\n\t\t\t\t\t\t\t\t<\/div>\n\t\t\t\t<\/div>\n\t\t\t\t<\/div>\n\t\t\t\t<\/div>\n\t\t\t\t\t<\/div>\n\t\t\t\t<\/div>\n\t\t\t\t<\/div>\n\t\t","protected":false},"excerpt":{"rendered":"<p>Om Building Awards For den danske byggebranche og samfund Bygge- og anl\u00e6gsbranchen har aldrig st\u00e5et over for flere sp\u00e6ndende udfordringer, end den g\u00f8r i dag.\u00a0Klimaforandringerne s\u00e6tter sk\u00e6rpede krav til b\u00e6redygtighed. Vores forventninger til de boliger, vi lever i, stiger. Og den infrastruktur, der forbinder os, skal v\u00e6re endnu bedre.\u00a0Dette cementerer, at bygge- og anl\u00e6gsbranchen st\u00e5r [&hellip;]<\/p>\n","protected":false},"author":1,"featured_media":0,"parent":0,"menu_order":0,"comment_status":"closed","ping_status":"closed","template":"elementor_header_footer","meta":{"_acf_changed":false,"inline_featured_image":false,"footnotes":""},"class_list":["post-201","page","type-page","status-publish","hentry"],"acf":[],"_links":{"self":[{"href":"https:\/\/nmevents.dk\/buildingawards\/wp-json\/wp\/v2\/pages\/201","targetHints":{"allow":["GET"]}}],"collection":[{"href":"https:\/\/nmevents.dk\/buildingawards\/wp-json\/wp\/v2\/pages"}],"about":[{"href":"https:\/\/nmevents.dk\/buildingawards\/wp-json\/wp\/v2\/types\/page"}],"author":[{"embeddable":true,"href":"https:\/\/nmevents.dk\/buildingawards\/wp-json\/wp\/v2\/users\/1"}],"replies":[{"embeddable":true,"href":"https:\/\/nmevents.dk\/buildingawards\/wp-json\/wp\/v2\/comments?post=201"}],"version-history":[{"count":129,"href":"https:\/\/nmevents.dk\/buildingawards\/wp-json\/wp\/v2\/pages\/201\/revisions"}],"predecessor-version":[{"id":8201,"href":"https:\/\/nmevents.dk\/buildingawards\/wp-json\/wp\/v2\/pages\/201\/revisions\/8201"}],"wp:attachment":[{"href":"https:\/\/nmevents.dk\/buildingawards\/wp-json\/wp\/v2\/media?parent=201"}],"curies":[{"name":"wp","href":"https:\/\/api.w.org\/{rel}","templated":true}]}}