{"id":891,"date":"2024-01-08T12:44:36","date_gmt":"2024-01-08T10:44:36","guid":{"rendered":"https:\/\/eventdk.nordiske-medier.dk\/atervinningsgalan\/?page_id=891"},"modified":"2024-05-29T14:51:15","modified_gmt":"2024-05-29T12:51:15","slug":"nominere","status":"publish","type":"page","link":"https:\/\/nmevents.dk\/buildingawards\/nominere\/","title":{"rendered":"Nominere"},"content":{"rendered":"\t\t<div data-elementor-type=\"wp-page\" data-elementor-id=\"891\" class=\"elementor elementor-891\" data-elementor-post-type=\"page\">\n\t\t\t\t<div class=\"elementor-element elementor-element-197c657 e-flex e-con-boxed e-con e-parent\" data-id=\"197c657\" data-element_type=\"container\" data-e-type=\"container\">\n\t\t\t\t\t<div class=\"e-con-inner\">\n\t\t\t\t<div class=\"elementor-element elementor-element-800fc6e elementor-widget elementor-widget-heading\" data-id=\"800fc6e\" data-element_type=\"widget\" data-e-type=\"widget\" data-widget_type=\"heading.default\">\n\t\t\t\t<div class=\"elementor-widget-container\">\n\t\t\t\t\t<h1 class=\"elementor-heading-title elementor-size-default\">Nomin\u00e9r kandidater \/ projekter her<\/h1>\t\t\t\t<\/div>\n\t\t\t\t<\/div>\n\t\t\t\t<div class=\"elementor-element elementor-element-7f7e156 elementor-widget elementor-widget-shortcode\" data-id=\"7f7e156\" data-element_type=\"widget\" data-e-type=\"widget\" data-widget_type=\"shortcode.default\">\n\t\t\t\t<div class=\"elementor-widget-container\">\n\t\t\t\t\t\t\t<div class=\"elementor-shortcode\">\t\t\t<form data-id=\"form_65fbf2c67f5c2\" class=\"frontend-form -submit\" action=\"\" method=\"post\" novalidate=\"novalidate\" data-error-message=\"Der skete desv\u00e6rre en fejl.\"> \r\n\t\t\t\t\t\t<div class=\"acf-form-data acf-hidden\">\r\n\t\t\t<input type=\"hidden\" name=\"_acf_screen\" value=\"fea_form\"\/><input type=\"hidden\" name=\"_acf_nonce\" value=\"3b1cf06ac1\"\/><input type=\"hidden\" name=\"_acf_validation\" value=\"1\"\/><input type=\"hidden\" name=\"_acf_changed\" value=\"0\"\/><input type=\"hidden\" name=\"_acf_status\" value=\"\"\/><input type=\"hidden\" name=\"_acf_message\" value=\"\"\/><input type=\"hidden\" name=\"_acf_required_message\" value=\"Dette felt er p\u00e5kr\u00e6vet.\"\/><input type=\"hidden\" name=\"_acf_current_url\" value=\"https:\/\/nmevents.dk\/buildingawards\/wp-json\/wp\/v2\/pages\/891\"\/><input type=\"hidden\" name=\"_acf_taxonomy_type\" value=\"category\"\/><input type=\"hidden\" name=\"_acf_form\" value=\"form_65fbf2c67f5c2\"\/><input type=\"hidden\" name=\"_acf_referer_url\" value=\"https:\/\/nmevents.dk\/buildingawards\/wp-json\/wp\/v2\/pages\/891\"\/><input type=\"hidden\" name=\"_acf_objects\" value=\"N1RmVm9FMlh2eFplOVdsSWM1bHNYdFJtamJvQisxRXhxSkk5L0d5NndQZ0tFN05vNFFMOUkrSmVmdGswS1BjU1h5LysrNU9XTUJHR1prOHIyMmpuMW9oV2NwR2ZGZFY5ZnVGYjZnZFQ2Q1MydzJoRWIxMk1qY3JsVUNialh6SU86OmzIz9xmifdjDo6w9inesvk=\"\/>\t\t\t<\/div>\r\n\t\t\t\t\t\t<div class=\"acf-fields acf-form-fields -top\">\t\t\t\t  \r\n\t\t\t<div class=\"acf-field acf-field-text acf-field--validate-email acf-hidden\" style=\"display:none !important\" data-name=\"_validate_email\" data-type=\"text\" data-key=\"_validate_email\"><div  class=\"acf-label\"><\/div><div class=\"acf-input\"><div class=\"acf-input-wrap\"><input type=\"text\" id=\"acff-_validate_email\" name=\"acff[_validate_email]\"\/><\/div><\/div><\/div><div class=\"acf-field acf-field-text acf-field-65fbf1ac5d947 is-required\" data-name=\"dit_navn\" data-type=\"text\" data-key=\"field_65fbf1ac5d947\" data-required=\"1\"><div  class=\"acf-label\"><label for=\"acff-post-field_65fbf1ac5d947\">Dit navn <span class=\"acf-required\">*<\/span><\/label><\/div><div class=\"acf-input\"><div class=\"acf-input-wrap\"><input type=\"text\" id=\"acff-post-field_65fbf1ac5d947\" name=\"acff[post][field_65fbf1ac5d947]\" required=\"required\"\/><\/div><\/div><\/div><div class=\"acf-field acf-field-text acf-field-65fbf1cc5d948 is-required\" data-name=\"dit_telefonnummer\" data-type=\"text\" data-key=\"field_65fbf1cc5d948\" data-required=\"1\"><div  class=\"acf-label\"><label for=\"acff-post-field_65fbf1cc5d948\">Dit telefonnummer <span class=\"acf-required\">*<\/span><\/label><\/div><div class=\"acf-input\"><div class=\"acf-input-wrap\"><input type=\"text\" id=\"acff-post-field_65fbf1cc5d948\" name=\"acff[post][field_65fbf1cc5d948]\" required=\"required\"\/><\/div><\/div><\/div><div class=\"acf-field acf-field-email acf-field-65fbf2225d949 is-required\" data-name=\"din_e-mail\" data-type=\"email\" data-key=\"field_65fbf2225d949\" data-required=\"1\"><div  class=\"acf-label\"><label for=\"acff-post-field_65fbf2225d949\">Din e-mail <span class=\"acf-required\">*<\/span><\/label><\/div><div class=\"acf-input\"><div class=\"acf-input-wrap\"><input type=\"email\" id=\"acff-post-field_65fbf2225d949\" name=\"acff[post][field_65fbf2225d949]\" required=\"required\"\/><\/div><\/div><\/div><div class=\"acf-field acf-field-text acf-field-65fbf026d934b is-required\" style=\"width:50%;\" data-name=\"fea_post_title\" data-type=\"text\" data-key=\"field_65fbf026d934b\" data-required=\"1\" data-width=\"50\"><div  class=\"acf-label\"><label for=\"acff-post-field_65fbf026d934b\">Navn p\u00e5 den kandidat, du \u00f8nsker at nominere \/ titlen p\u00e5 projektet <span class=\"acf-required\">*<\/span><\/label><\/div><div class=\"acf-input\"><div class=\"acf-input-wrap\"><input type=\"text\" id=\"acff-post-field_65fbf026d934b\" name=\"acff[post][field_65fbf026d934b]\" required=\"required\"\/><\/div><\/div><\/div><div class=\"acf-field acf-field-text acf-field-65fbf24e5d94b is-required\" style=\"width:50%;\" data-name=\"virksomhed\" data-type=\"text\" data-key=\"field_65fbf24e5d94b\" data-required=\"1\" data-width=\"50\"><div  class=\"acf-label\"><label for=\"acff-post-field_65fbf24e5d94b\">Virksomhed <span class=\"acf-required\">*<\/span><\/label><\/div><div class=\"acf-input\"><div class=\"acf-input-wrap\"><input type=\"text\" id=\"acff-post-field_65fbf24e5d94b\" name=\"acff[post][field_65fbf24e5d94b]\" required=\"required\"\/><\/div><\/div><\/div><div class=\"acf-field acf-field-email acf-field-65fbf2635d94c is-required\" style=\"width:50%;\" data-name=\"kandidatens_e-mail\" data-type=\"email\" data-key=\"field_65fbf2635d94c\" data-required=\"1\" data-width=\"50\"><div  class=\"acf-label\"><label for=\"acff-post-field_65fbf2635d94c\">Kandidatens e-mail <span class=\"acf-required\">*<\/span><\/label><\/div><div class=\"acf-input\"><div class=\"acf-input-wrap\"><input type=\"email\" id=\"acff-post-field_65fbf2635d94c\" name=\"acff[post][field_65fbf2635d94c]\" required=\"required\"\/><\/div><\/div><\/div><div class=\"acf-field acf-field-text acf-field-65fbf28c5d94d is-required\" style=\"width:50%;\" data-name=\"kandidatens_telefonnummer\" data-type=\"text\" data-key=\"field_65fbf28c5d94d\" data-required=\"1\" data-width=\"50\"><div  class=\"acf-label\"><label for=\"acff-post-field_65fbf28c5d94d\">Kandidatens telefonnummer <span class=\"acf-required\">*<\/span><\/label><\/div><div class=\"acf-input\"><div class=\"acf-input-wrap\"><input type=\"text\" id=\"acff-post-field_65fbf28c5d94d\" name=\"acff[post][field_65fbf28c5d94d]\" required=\"required\"\/><\/div><\/div><\/div><div class=\"acf-field acf-field-related-terms acf-field-65fc13f8a7f45 is-required\" style=\"width:50%;\" data-name=\"vaelg_kategori\" data-type=\"related_terms\" data-key=\"field_65fc13f8a7f45\" data-required=\"1\" data-width=\"50\"><div  class=\"acf-label\"><label for=\"acff-post-field_65fc13f8a7f45\">V\u00e6lg kategori <span class=\"acf-required\">*<\/span><\/label><\/div><div class=\"acf-input\"><div class=\"acf-related-terms-field\" data-save=\"1\" data-ftype=\"radio\" data-taxonomy=\"relation\" data-allow_null=\"0\">\r\n\t\t\t<input type=\"hidden\" type=\"hidden\" name=\"acff[post][field_65fc13f8a7f45]\"\/>\t\t\t\t<ul class=\"acf-checkbox-list acf-bl\">\t\r\n\t\t\t\t\t\t\n<li class=\"related-term\" data-id=\"48\"><label><input type=\"radio\" name=\"acff[post][field_65fc13f8a7f45]\" value=\"48\"\/> <span>\u00c5rets Byggeri<\/span><\/label><\/li>\n\n<li class=\"related-term\" data-id=\"45\"><label><input type=\"radio\" name=\"acff[post][field_65fc13f8a7f45]\" value=\"45\"\/> <span>\u00c5rets Entrepren\u00f8r<\/span><\/label><\/li>\n\n<li class=\"related-term\" data-id=\"52\"><label><input type=\"radio\" name=\"acff[post][field_65fc13f8a7f45]\" value=\"52\"\/> <span>Arkitektprisen<\/span><\/label><\/li>\n\n<li class=\"related-term\" data-id=\"51\"><label><input type=\"radio\" name=\"acff[post][field_65fc13f8a7f45]\" value=\"51\"\/> <span>Bygge- og anl\u00e6gslederprisen<\/span><\/label><\/li>\n\n<li class=\"related-term\" data-id=\"44\"><label><input type=\"radio\" name=\"acff[post][field_65fc13f8a7f45]\" value=\"44\"\/> <span>Den Gr\u00f8nne Pris<\/span><\/label><\/li>\n\n<li class=\"related-term\" data-id=\"43\"><label><input type=\"radio\" name=\"acff[post][field_65fc13f8a7f45]\" value=\"43\"\/> <span>Digitaliseringsprisen<\/span><\/label><\/li>\n\n<li class=\"related-term\" data-id=\"47\"><label><input type=\"radio\" name=\"acff[post][field_65fc13f8a7f45]\" value=\"47\"\/> <span>Klima- og kystsikringsprisen<\/span><\/label><\/li>\n\n<li class=\"related-term\" data-id=\"50\"><label><input type=\"radio\" name=\"acff[post][field_65fc13f8a7f45]\" value=\"50\"\/> <span>Leverand\u00f8rprisen<\/span><\/label><\/li>\n\n<li class=\"related-term\" data-id=\"42\"><label><input type=\"radio\" name=\"acff[post][field_65fc13f8a7f45]\" value=\"42\"\/> <span>Projektudviklingsprisen<\/span><\/label><\/li>\n\n<li class=\"related-term\" data-id=\"46\"><label><input type=\"radio\" name=\"acff[post][field_65fc13f8a7f45]\" value=\"46\"\/> <span>R\u00e5dgiverprisen<\/span><\/label><\/li>\n\n<li class=\"related-term\" data-id=\"49\"><label><input type=\"radio\" name=\"acff[post][field_65fc13f8a7f45]\" value=\"49\"\/> <span>Talentprisen<\/span><\/label><\/li>\n\t\t\t\t<\/ul>\r\n\t\t\t\t\t\t<\/div>\r\n\t\t\t<\/div><\/div><div class=\"acf-field acf-field-text acf-field-65fbf1a15d946 is-required\" style=\"width:50%;\" data-name=\"kandidatens_virksomhed\" data-type=\"text\" data-key=\"field_65fbf1a15d946\" data-required=\"1\" data-width=\"50\"><div  class=\"acf-label\"><label for=\"acff-post-field_65fbf1a15d946\">Kandidatens virksomhed <span class=\"acf-required\">*<\/span><\/label><\/div><div class=\"acf-input\"><div class=\"acf-input-wrap\"><input type=\"text\" id=\"acff-post-field_65fbf1a15d946\" name=\"acff[post][field_65fbf1a15d946]\" required=\"required\"\/><\/div><\/div><\/div><div class=\"acf-field acf-field-textarea acf-field-65fbf1645d944 is-required\" style=\"width:100%;\" data-name=\"din_begrundelse_for_at_nominere_kandidaten\" data-type=\"textarea\" data-key=\"field_65fbf1645d944\" data-required=\"1\" data-width=\"100\"><div  class=\"acf-label\"><label for=\"acff-post-field_65fbf1645d944\">Din begrundelse for at nominere kandidaten\/Projektet <span class=\"acf-required\">*<\/span><\/label><\/div><div class=\"acf-input\"><textarea id=\"acff-post-field_65fbf1645d944\" name=\"acff[post][field_65fbf1645d944]\" rows=\"8\" required=\"required\"><\/textarea><\/div><\/div><div class=\"acf-field acf-field-textarea acf-field-65fbf1585d943\" style=\"width:100%;\" data-name=\"hvem_har_vaeret_involveret_i_processen\" data-type=\"textarea\" data-key=\"field_65fbf1585d943\" data-width=\"100\"><div  class=\"acf-label\"><label for=\"acff-post-field_65fbf1585d943\">Hvem har v\u00e6ret involveret i processen?<\/label><\/div><div class=\"acf-input\"><textarea id=\"acff-post-field_65fbf1585d943\" name=\"acff[post][field_65fbf1585d943]\" rows=\"8\"><\/textarea><\/div><\/div><div class=\"acf-field acf-field-textarea acf-field-65fbf13e5d942 is-required\" style=\"width:100%;\" data-name=\"hvem_har_gavn_af_projektetlosningen_og_pa_hvilken_made_har_brugerne_glaede_af_projektet_\" data-type=\"textarea\" data-key=\"field_65fbf13e5d942\" data-required=\"1\" data-width=\"100\"><div  class=\"acf-label\"><label for=\"acff-post-field_65fbf13e5d942\">Hvem har gavn af projektet\/l\u00f8sningen, og p\u00e5 hvilken m\u00e5de har brugerne gl\u00e6de af projektet? <span class=\"acf-required\">*<\/span><\/label><\/div><div class=\"acf-input\"><textarea id=\"acff-post-field_65fbf13e5d942\" name=\"acff[post][field_65fbf13e5d942]\" rows=\"8\" required=\"required\"><\/textarea><\/div><\/div><div class=\"acf-field acf-field-textarea acf-field-65fbf11e5d941 is-required\" style=\"width:100%;\" data-name=\"beskriv_baggrunden_formalet_og_visionen_bag_projektetlosningen_hvad_var_den_baerende_ide_bag_projektet\" data-type=\"textarea\" data-key=\"field_65fbf11e5d941\" data-required=\"1\" data-width=\"100\"><div  class=\"acf-label\"><label for=\"acff-post-field_65fbf11e5d941\">Beskriv baggrunden, form\u00e5let og visionen bag projektet\/l\u00f8sningen. Hvad var den b\u00e6rende id\u00e9 bag projektet? <span class=\"acf-required\">*<\/span><\/label><\/div><div class=\"acf-input\"><textarea id=\"acff-post-field_65fbf11e5d941\" name=\"acff[post][field_65fbf11e5d941]\" rows=\"8\" required=\"required\"><\/textarea><\/div><\/div><div class=\"acf-field acf-field-textarea acf-field-65fbf0dd5d940 is-required\" style=\"width:100%;\" data-name=\"pa_hvilken_made_har_digitaliseringen_skabt_vaerdi_for_det_omkringliggende_samfund_og_hvordan_har_nytaenkningen_bidraget_til_denne_vaerdiskabelse_\" data-type=\"textarea\" data-key=\"field_65fbf0dd5d940\" data-required=\"1\" data-width=\"100\"><div  class=\"acf-label\"><label for=\"acff-post-field_65fbf0dd5d940\">P\u00e5 hvilken m\u00e5de har kandidaten\/projektet skabt v\u00e6rdi, og hvordan har denne nyt\u00e6nkning bidraget til denne v\u00e6rdiskabelse? <span class=\"acf-required\">*<\/span><\/label><\/div><div class=\"acf-input\"><textarea id=\"acff-post-field_65fbf0dd5d940\" name=\"acff[post][field_65fbf0dd5d940]\" rows=\"8\" required=\"required\"><\/textarea><\/div><\/div><div class=\"acf-field acf-field-upload-image acf-field-65fbf026e6d1d acf-uploads image-field\" data-name=\"fea_featured_image\" data-type=\"upload_image\" data-key=\"field_65fbf026e6d1d\" data-field_type=\"upload_image\"><div  class=\"acf-label\"><label for=\"acff-post-field_65fbf026e6d1d\">Tilf\u00f8j billede (max 4MB)<\/label><\/div><div class=\"acf-input\"><div class=\"acf-image-uploader show-preview\" data-preview_size=\"full\" data-library=\"uploadedTo\" data-mime_types=\"\" data-uploader=\"basic\" data-resize=\"0\" data-min_size=\"\" data-min_width=\"\" data-min_height=\"\" data-max_size=\"\" data-max_width=\"1920\" data-max_height=\"1080\" data-preview_type=\"img\">\r\n\t\t\t<input type=\"hidden\" data-name=\"id\" name=\"acff[post][field_65fbf026e6d1d]\" value=\"\"\/>\r\n\t\t<div class=\"show-if-value image-wrap\" \r\n\t\t\t\t\t\t>\r\n\t\t\t\t\t<img decoding=\"async\" data-name=\"image\" src=\"https:\/\/nmevents.dk\/buildingawards\/wp-includes\/images\/media\/default.png\" alt=\"\"\/>\r\n\t\t<div class=\"acf-actions -hover\">\r\n\t\t\t<a class=\"acf-icon -pencil dark\" data-name=\"edit-preview\" href=\"#\" title=\"Edit\"><\/a>\r\n\t\t\t<a class=\"acf-icon -cancel dark\" data-name=\"remove\" href=\"#\" title=\"Remove\"><\/a>\r\n\t\t<\/div>\r\n\t<\/div>\r\n\t<div class=\"hide-if-value\">\r\n\t\t\t\t\t\t<label class=\"acf-basic-uploader file-drop\">\r\n\t\t\t\t<input type=\"file\" name=\"file_input\" id=\"acff-post-field_65fbf026e6d1d\" class=\"image-preview\" accept=\"image\/*\" \/>\t\t\t\t<div class=\"file-custom\">\r\n\t\t\t\t\t\t\t<p>Der er endnu ikke tilf\u00f8jet et billede\t\t\t\t<a data-name=\"add\" class=\"acf-button button\" href=\"#\">\r\n\t\t\t\t\tUpload billede\t\t\t\t\t\t\t\t\t<\/a>\r\n\t\t\t<\/p>\r\n\t\t\t\t\t\t<\/div>\r\n\t\t\t<\/label>\r\n\t\t\t\t<div class=\"file-meta-data\"><div class=\"acf-field acf-field-text\" data-name=\"title\" data-type=\"text\"><div  class=\"acf-label\"><label for=\"acff-file_data-field_65fbf026e6d1d-title\">Titel<\/label><\/div><div class=\"acf-input\"><div class=\"acf-input-wrap\"><input type=\"text\" id=\"acff-file_data-field_65fbf026e6d1d-title\" class=\"fea-file-meta title\" name=\"acff[file_data][field_65fbf026e6d1d][title]\" disabled=\"disabled\"\/><\/div><\/div><\/div><div class=\"acf-field acf-field-text\" data-name=\"alt\" data-type=\"text\"><div  class=\"acf-label\"><label for=\"acff-file_data-field_65fbf026e6d1d-alt\">Alternativ tekst<\/label><\/div><div class=\"acf-input\"><p class=\"description\">Leave empty if the image is purely decorative.<\/p><div class=\"acf-input-wrap\"><input type=\"text\" id=\"acff-file_data-field_65fbf026e6d1d-alt\" class=\"fea-file-meta alt\" name=\"acff[file_data][field_65fbf026e6d1d][alt]\" disabled=\"disabled\"\/><\/div><\/div><\/div><div class=\"acf-field acf-field-textarea\" data-name=\"caption\" data-type=\"textarea\"><div  class=\"acf-label\"><label for=\"acff-file_data-field_65fbf026e6d1d-caption\">Billedtekst<\/label><\/div><div class=\"acf-input\"><textarea id=\"acff-file_data-field_65fbf026e6d1d-caption\" class=\"fea-file-meta caption\" name=\"acff[file_data][field_65fbf026e6d1d]\" rows=\"3\" disabled=\"disabled\"><\/textarea><\/div><\/div><div class=\"acf-field acf-field-textarea\" data-name=\"description\" data-type=\"textarea\"><div  class=\"acf-label\"><label for=\"acff-file_data-field_65fbf026e6d1d-description\">Beskrivelse<\/label><\/div><div class=\"acf-input\"><textarea id=\"acff-file_data-field_65fbf026e6d1d-description\" class=\"fea-file-meta description\" name=\"acff[file_data][field_65fbf026e6d1d][description]\" rows=\"3\" disabled=\"disabled\"><\/textarea><\/div><\/div><button type=\"button\" class=\"update-meta button button-primary\">Update Image<\/button><\/div>\t\t\t\t\r\n\t\t<\/div>\r\n\t\t\t\t<div class=\"frontend-admin-hidden uploads-progress\"><div class=\"percent\">0%<\/div><div class=\"bar\"><\/div><\/div>\r\n\t\t<\/div>\r\n\t\t\t<\/div><\/div><div class=\"acf-field acf-field-upload-file acf-field-66014d7f2f0f3 acf-uploads image-field\" data-name=\"tilfoj_pdf\" data-type=\"upload_file\" data-key=\"field_66014d7f2f0f3\" data-field_type=\"upload_file\"><div  class=\"acf-label\"><label for=\"acff-post-field_66014d7f2f0f3\">Tilf\u00f8j PDF<\/label><\/div><div class=\"acf-input\">\t\t<div class=\"acf-file-uploader\" data-library=\"uploadedTo\" data-mime_types=\"pdf\" data-uploader=\"basic\" data-destination=\"\" data-resize_width=\"1920\" data-resize_height=\"1080\">\r\n\t\t\t<input type=\"hidden\" data-name=\"id\" name=\"acff[post][field_66014d7f2f0f3]\" value=\"\"\/>\t\t\t\t\t<div class=\"frontend-admin-hidden uploads-progress\"><div class=\"percent\">0%<\/div><div class=\"bar\"><\/div><\/div>\r\n\t\t\t\t\t<div class=\"show-if-value file-wrap\">\r\n\t\t\t\t\t\t<div class=\"file-icon\">\r\n\t\t\t\t<img decoding=\"async\" data-name=\"icon\" data-default=\"https:\/\/nmevents.dk\/buildingawards\/wp-includes\/images\/media\/default.png\" src=\"\" alt=\"\"\/>\r\n\t\t\t<\/div>\r\n\t\t\t<div class=\"file-info\">\r\n\t\t\t\t<p>\r\n\t\t\t\t\t<strong data-name=\"title\"><\/strong>\r\n\t\t\t\t<\/p>\r\n\t\t\t\t<p>\r\n\t\t\t\t\t<strong>File name:<\/strong>\r\n\t\t\t\t\t<a data-name=\"filename\" href=\"\" target=\"_blank\"><\/a>\r\n\t\t\t\t<\/p>\r\n\t\t\t\t<p>\r\n\t\t\t\t\t<strong>File size:<\/strong>\r\n\t\t\t\t\t<span data-name=\"filesize\"><\/span>\r\n\t\t\t\t<\/p>\r\n\t\t\t<\/div>\r\n\t\t\t<div class=\"acf-actions -hover\">\r\n\t\t\t\t<a class=\"acf-icon -pencil dark\" data-name=\"edit-preview\" href=\"#\" title=\"Edit\"><\/a>\r\n\t\t\t\t<a class=\"acf-icon -cancel dark\" data-name=\"remove\" href=\"#\" title=\"Remove\"><\/a>\r\n\t\t\t<\/div>\r\n\t\t<\/div>\r\n\t\t<div class=\"hide-if-value\">\r\n\r\n\t\t\t\t\t\t\t\t\t\t\t\r\n\t\t\t<div class=\"acf-basic-uploader file-drop\">\r\n\t\t\t\t<input type=\"file\" name=\"upload_file_input\" id=\"acff-post-field_66014d7f2f0f3\" class=\"file-preview\" accept=\"pdf,application\/pdf\" \/>\t\t\t\t<p>Ingen PDF uploadet<\/p>\r\n\t\t\t\t<a href=\"#\" data-name=\"upload-file\" class=\"upload-files\">\r\n\t\t\t\t\tTilf\u00f8j PDF\t\t\t\t<\/a>\r\n\t\t\t<\/div>\r\n\t\t\t<div class=\"file-meta-data\"><div class=\"acf-field acf-field-text\" data-name=\"title\" data-type=\"text\"><div  class=\"acf-label\"><label for=\"acff-file_data-field_66014d7f2f0f3-title\">Titel<\/label><\/div><div class=\"acf-input\"><div class=\"acf-input-wrap\"><input type=\"text\" id=\"acff-file_data-field_66014d7f2f0f3-title\" class=\"fea-file-meta title\" name=\"acff[file_data][field_66014d7f2f0f3][title]\" disabled=\"disabled\"\/><\/div><\/div><\/div><div class=\"acf-field acf-field-text\" data-name=\"alt\" data-type=\"text\"><div  class=\"acf-label\"><label for=\"acff-file_data-field_66014d7f2f0f3-alt\">Alternativ tekst<\/label><\/div><div class=\"acf-input\"><p class=\"description\">Leave empty if the image is purely decorative.<\/p><div class=\"acf-input-wrap\"><input type=\"text\" id=\"acff-file_data-field_66014d7f2f0f3-alt\" class=\"fea-file-meta alt\" name=\"acff[file_data][field_66014d7f2f0f3][alt]\" disabled=\"disabled\"\/><\/div><\/div><\/div><div class=\"acf-field acf-field-textarea\" data-name=\"caption\" data-type=\"textarea\"><div  class=\"acf-label\"><label for=\"acff-file_data-field_66014d7f2f0f3-caption\">Billedtekst<\/label><\/div><div class=\"acf-input\"><textarea id=\"acff-file_data-field_66014d7f2f0f3-caption\" class=\"fea-file-meta caption\" name=\"acff[file_data][field_66014d7f2f0f3]\" rows=\"3\" disabled=\"disabled\"><\/textarea><\/div><\/div><div class=\"acf-field acf-field-textarea\" data-name=\"description\" data-type=\"textarea\"><div  class=\"acf-label\"><label for=\"acff-file_data-field_66014d7f2f0f3-description\">Beskrivelse<\/label><\/div><div class=\"acf-input\"><textarea id=\"acff-file_data-field_66014d7f2f0f3-description\" class=\"fea-file-meta description\" name=\"acff[file_data][field_66014d7f2f0f3][description]\" rows=\"3\" disabled=\"disabled\"><\/textarea><\/div><\/div><button type=\"button\" class=\"update-meta button button-primary\">Update Image<\/button><\/div>\t\t\t\r\n\t\t\t\t\t\t<\/div>\r\n\t\t\t\t\t<\/div>\r\n\t\t<\/div><\/div><div class=\"acf-field acf-field-submit-button acf-field-65fbf026eec49\" data-name=\"submit_button\" data-type=\"submit_button\" data-key=\"field_65fbf026eec49\"><div class=\"acf-input\"><button type=\"button\" class=\"fea-submit-button button button-primary\" data-state=\"publish\" data-success=\"\" data-redirect=\"\">Indsend nominering<\/button><\/div><\/div>\t\t\t<\/div>\r\n\t\t\t<\/form>\r\n\t\t\t<\/div>\n\t\t\t\t\t\t<\/div>\n\t\t\t\t<\/div>\n\t\t\t\t\t<\/div>\n\t\t\t\t<\/div>\n\t\t\t\t<\/div>\n\t\t","protected":false},"excerpt":{"rendered":"<p>Nomin\u00e9r kandidater \/ projekter her<\/p>\n","protected":false},"author":1,"featured_media":0,"parent":0,"menu_order":0,"comment_status":"closed","ping_status":"closed","template":"elementor_header_footer","meta":{"_acf_changed":false,"inline_featured_image":false,"footnotes":""},"class_list":["post-891","page","type-page","status-publish","hentry"],"acf":[],"_links":{"self":[{"href":"https:\/\/nmevents.dk\/buildingawards\/wp-json\/wp\/v2\/pages\/891","targetHints":{"allow":["GET"]}}],"collection":[{"href":"https:\/\/nmevents.dk\/buildingawards\/wp-json\/wp\/v2\/pages"}],"about":[{"href":"https:\/\/nmevents.dk\/buildingawards\/wp-json\/wp\/v2\/types\/page"}],"author":[{"embeddable":true,"href":"https:\/\/nmevents.dk\/buildingawards\/wp-json\/wp\/v2\/users\/1"}],"replies":[{"embeddable":true,"href":"https:\/\/nmevents.dk\/buildingawards\/wp-json\/wp\/v2\/comments?post=891"}],"version-history":[{"count":67,"href":"https:\/\/nmevents.dk\/buildingawards\/wp-json\/wp\/v2\/pages\/891\/revisions"}],"predecessor-version":[{"id":4153,"href":"https:\/\/nmevents.dk\/buildingawards\/wp-json\/wp\/v2\/pages\/891\/revisions\/4153"}],"wp:attachment":[{"href":"https:\/\/nmevents.dk\/buildingawards\/wp-json\/wp\/v2\/media?parent=891"}],"curies":[{"name":"wp","href":"https:\/\/api.w.org\/{rel}","templated":true}]}}