{"id":15,"date":"2023-11-06T11:17:06","date_gmt":"2023-11-06T11:17:06","guid":{"rendered":"https:\/\/eventdk4_.nordiske-medier.dk4_\/?page_id=15"},"modified":"2025-02-14T13:34:49","modified_gmt":"2025-02-14T12:34:49","slug":"events","status":"publish","type":"page","link":"https:\/\/nmevents.dk\/folkemoedet\/","title":{"rendered":"Folkem\u00f8det"},"content":{"rendered":"\t\t<div data-elementor-type=\"wp-page\" data-elementor-id=\"15\" class=\"elementor elementor-15\" data-elementor-post-type=\"page\">\n\t\t\t\t<div class=\"elementor-element elementor-element-1dcebfb e-flex e-con-boxed e-con e-parent\" data-id=\"1dcebfb\" data-element_type=\"container\" data-e-type=\"container\" data-settings=\"{&quot;background_background&quot;:&quot;classic&quot;}\">\n\t\t\t\t\t<div class=\"e-con-inner\">\n\t\t\t\t<div class=\"elementor-element elementor-element-bf8adac elementor-widget elementor-widget-heading\" data-id=\"bf8adac\" data-element_type=\"widget\" data-e-type=\"widget\" data-widget_type=\"heading.default\">\n\t\t\t\t<div class=\"elementor-widget-container\">\n\t\t\t\t\t<h1 class=\"elementor-heading-title elementor-size-default\">Drik kaffe og l\u00e6s Licitationen<br>til \u00e5rets folkem\u00f8de<\/h1>\t\t\t\t<\/div>\n\t\t\t\t<\/div>\n\t\t\t\t<div class=\"elementor-element elementor-element-67d90e3 elementor-widget elementor-widget-text-editor\" data-id=\"67d90e3\" data-element_type=\"widget\" data-e-type=\"widget\" data-widget_type=\"text-editor.default\">\n\t\t\t\t<div class=\"elementor-widget-container\">\n\t\t\t\t\t\t\t\t\t<p>Sammen med DI Byggeri og Byggepladsen er Licitationen med p\u00e5 \u00e5rets Folkem\u00f8de p\u00e5 Bornholm.\u00a0<\/p><p>Kig forbi og l\u00e6s avisen sammen med en frisk brygget kop kaffe.\u00a0<\/p>\t\t\t\t\t\t\t\t<\/div>\n\t\t\t\t<\/div>\n\t\t\t\t\t<\/div>\n\t\t\t\t<\/div>\n\t\t<div class=\"elementor-element elementor-element-74e977d e-flex e-con-boxed e-con e-parent\" data-id=\"74e977d\" data-element_type=\"container\" data-e-type=\"container\">\n\t\t\t\t\t<div class=\"e-con-inner\">\n\t\t\t\t<div class=\"elementor-element elementor-element-ca63c86 elementor-widget elementor-widget-heading\" data-id=\"ca63c86\" data-element_type=\"widget\" data-e-type=\"widget\" data-widget_type=\"heading.default\">\n\t\t\t\t<div class=\"elementor-widget-container\">\n\t\t\t\t\t<h2 class=\"elementor-heading-title elementor-size-default\">Praktiske oplysninger<\/h2>\t\t\t\t<\/div>\n\t\t\t\t<\/div>\n\t\t\t\t<div class=\"elementor-element elementor-element-f75615a elementor-widget elementor-widget-text-editor\" data-id=\"f75615a\" data-element_type=\"widget\" data-e-type=\"widget\" data-widget_type=\"text-editor.default\">\n\t\t\t\t<div class=\"elementor-widget-container\">\n\t\t\t\t\t\t\t\t\t<p><strong>Dato:<\/strong> 12. &#8211; 14. juni 2025<br \/><span data-teams=\"true\">Mere info kommer snarest<\/span><\/p>\t\t\t\t\t\t\t\t<\/div>\n\t\t\t\t<\/div>\n\t\t\t\t\t<\/div>\n\t\t\t\t<\/div>\n\t\t\t\t<\/div>\n\t\t","protected":false},"excerpt":{"rendered":"<p>Drik kaffe og l\u00e6s Licitationentil \u00e5rets folkem\u00f8de Sammen med DI Byggeri og Byggepladsen er Licitationen med p\u00e5 \u00e5rets Folkem\u00f8de p\u00e5 Bornholm.\u00a0 Kig forbi og l\u00e6s avisen sammen med en frisk brygget kop kaffe.\u00a0 Praktiske oplysninger Dato: 12. &#8211; 14. juni 2025Mere info kommer snarest<\/p>\n","protected":false},"author":1,"featured_media":0,"parent":0,"menu_order":0,"comment_status":"closed","ping_status":"closed","template":"elementor_header_footer","meta":{"_acf_changed":false,"inline_featured_image":false,"footnotes":""},"class_list":["post-15","page","type-page","status-publish","hentry"],"acf":[],"_links":{"self":[{"href":"https:\/\/nmevents.dk\/folkemoedet\/wp-json\/wp\/v2\/pages\/15","targetHints":{"allow":["GET"]}}],"collection":[{"href":"https:\/\/nmevents.dk\/folkemoedet\/wp-json\/wp\/v2\/pages"}],"about":[{"href":"https:\/\/nmevents.dk\/folkemoedet\/wp-json\/wp\/v2\/types\/page"}],"author":[{"embeddable":true,"href":"https:\/\/nmevents.dk\/folkemoedet\/wp-json\/wp\/v2\/users\/1"}],"replies":[{"embeddable":true,"href":"https:\/\/nmevents.dk\/folkemoedet\/wp-json\/wp\/v2\/comments?post=15"}],"version-history":[{"count":263,"href":"https:\/\/nmevents.dk\/folkemoedet\/wp-json\/wp\/v2\/pages\/15\/revisions"}],"predecessor-version":[{"id":1233,"href":"https:\/\/nmevents.dk\/folkemoedet\/wp-json\/wp\/v2\/pages\/15\/revisions\/1233"}],"wp:attachment":[{"href":"https:\/\/nmevents.dk\/folkemoedet\/wp-json\/wp\/v2\/media?parent=15"}],"curies":[{"name":"wp","href":"https:\/\/api.w.org\/{rel}","templated":true}]}}