{"id":696,"date":"2023-11-30T12:24:44","date_gmt":"2023-11-30T10:24:44","guid":{"rendered":"https:\/\/eventdk.nordiske-medier.dk\/pack-point-nordic\/?page_id=696"},"modified":"2023-11-30T12:24:44","modified_gmt":"2023-11-30T10:24:44","slug":"faq","status":"publish","type":"page","link":"https:\/\/nmevents.dk\/seminar\/faq\/","title":{"rendered":"FAQ"},"content":{"rendered":"\t\t<div data-elementor-type=\"wp-page\" data-elementor-id=\"696\" class=\"elementor elementor-696\" data-elementor-post-type=\"page\">\n\t\t\t\t<div class=\"elementor-element elementor-element-0d0bb55 e-flex e-con-boxed e-con e-parent\" data-id=\"0d0bb55\" data-element_type=\"container\" data-e-type=\"container\">\n\t\t\t\t\t<div class=\"e-con-inner\">\n\t\t<div class=\"elementor-element elementor-element-b78199e e-con-full e-flex e-con e-child\" data-id=\"b78199e\" data-element_type=\"container\" data-e-type=\"container\">\n\t\t\t\t<div class=\"elementor-element elementor-element-10805cf elementor-widget elementor-widget-heading\" data-id=\"10805cf\" data-element_type=\"widget\" data-e-type=\"widget\" data-widget_type=\"heading.default\">\n\t\t\t\t<div class=\"elementor-widget-container\">\n\t\t\t\t\t<h1 class=\"elementor-heading-title elementor-size-default\">FAQ<\/h1>\t\t\t\t<\/div>\n\t\t\t\t<\/div>\n\t\t\t\t<div class=\"elementor-element elementor-element-4b3f295 elementor-widget elementor-widget-heading\" data-id=\"4b3f295\" data-element_type=\"widget\" data-e-type=\"widget\" data-widget_type=\"heading.default\">\n\t\t\t\t<div class=\"elementor-widget-container\">\n\t\t\t\t\t<h2 class=\"elementor-heading-title elementor-size-default\">Find svar p\u00e5 ofte stillet sp\u00f8rgsm\u00e5l<\/h2>\t\t\t\t<\/div>\n\t\t\t\t<\/div>\n\t\t\t\t<\/div>\n\t\t\t\t\t<\/div>\n\t\t\t\t<\/div>\n\t\t<div class=\"elementor-element elementor-element-bf0f3a0 e-flex e-con-boxed e-con e-parent\" data-id=\"bf0f3a0\" data-element_type=\"container\" data-e-type=\"container\">\n\t\t\t\t\t<div class=\"e-con-inner\">\n\t\t<div class=\"elementor-element elementor-element-134dbce e-con-full e-flex e-con e-child\" data-id=\"134dbce\" data-element_type=\"container\" data-e-type=\"container\">\n\t\t\t\t<div class=\"elementor-element elementor-element-c8b3054 elementor-widget elementor-widget-n-accordion\" data-id=\"c8b3054\" data-element_type=\"widget\" data-e-type=\"widget\" data-settings=\"{&quot;default_state&quot;:&quot;all_collapsed&quot;,&quot;max_items_expended&quot;:&quot;one&quot;,&quot;n_accordion_animation_duration&quot;:{&quot;unit&quot;:&quot;ms&quot;,&quot;size&quot;:400,&quot;sizes&quot;:[]}}\" data-widget_type=\"nested-accordion.default\">\n\t\t\t\t<div class=\"elementor-widget-container\">\n\t\t\t\t\t\t\t<div class=\"e-n-accordion\" aria-label=\"Accordion. Open links with Enter or Space, close with Escape, and navigate with Arrow Keys\">\n\t\t\t\t\t\t<details id=\"e-n-accordion-item-2100\" class=\"e-n-accordion-item\" >\n\t\t\t\t<summary class=\"e-n-accordion-item-title\" data-accordion-index=\"1\" tabindex=\"0\" aria-expanded=\"false\" aria-controls=\"e-n-accordion-item-2100\" >\n\t\t\t\t\t<span class='e-n-accordion-item-title-header'><div class=\"e-n-accordion-item-title-text\"> Priser? <\/div><\/span>\n\t\t\t\t\t\t\t<span class='e-n-accordion-item-title-icon'>\n\t\t\t<span class='e-opened' ><\/span>\n\t\t\t<span class='e-closed'><\/span>\n\t\t<\/span>\n\n\t\t\t\t\t\t<\/summary>\n\t\t\t\t<div role=\"region\" aria-labelledby=\"e-n-accordion-item-2100\" class=\"elementor-element elementor-element-3fa7514 e-con-full e-flex e-con e-child\" data-id=\"3fa7514\" data-element_type=\"container\" data-e-type=\"container\">\n\t\t\t\t<div class=\"elementor-element elementor-element-fc2fe01 elementor-widget elementor-widget-text-editor\" data-id=\"fc2fe01\" data-element_type=\"widget\" data-e-type=\"widget\" data-widget_type=\"text-editor.default\">\n\t\t\t\t<div class=\"elementor-widget-container\">\n\t\t\t\t\t\t\t\t\t<p>P\u00e5 Pack Point Nordic speglas m\u00e5nga olika aktuella aspekter p\u00e5 f\u00f6rpackningar. P\u00e5 scen deltar omkring ett 15-tal talare representerande anv\u00e4ndare, utvecklare och beslutsfattare fr\u00e5n hela v\u00e4rdekedjan f\u00f6r f\u00f6rpackningar. Konferensen som \u00e4r \u00e5rligen \u00e5terkommande har blivit en viktig m\u00f6tesplats f\u00f6r att inom v\u00e4rdekedjan utbyta erfarenheter och i dialog f\u00f6ra sakfr\u00e5gor fram\u00e5t.<\/p><p>Konferensen h\u00e5lls p\u00e5 svenska, ibland med inslag av presentationer p\u00e5 engelska, av talare fr\u00e5n n\u00e5got av v\u00e5ra nordiska grannl\u00e4nder eller annat europeiskt land.<\/p><p>Pack Point Nordic belyser aktuella fr\u00e5gor f\u00f6r s\u00e5v\u00e4l konsumentf\u00f6rpackningar, verksamhetsf\u00f6rpackningar (B2B), som e-handel och transporter med fokus p\u00e5 nya l\u00f6sningar f\u00f6r en smartare f\u00f6rpackningsanv\u00e4ndning.<\/p>\t\t\t\t\t\t\t\t<\/div>\n\t\t\t\t<\/div>\n\t\t\t\t<\/div>\n\t\t\t\t\t<\/details>\n\t\t\t\t\t\t<details id=\"e-n-accordion-item-2101\" class=\"e-n-accordion-item\" >\n\t\t\t\t<summary class=\"e-n-accordion-item-title\" data-accordion-index=\"2\" tabindex=\"-1\" aria-expanded=\"false\" aria-controls=\"e-n-accordion-item-2101\" >\n\t\t\t\t\t<span class='e-n-accordion-item-title-header'><div class=\"e-n-accordion-item-title-text\"> Lokation? <\/div><\/span>\n\t\t\t\t\t\t\t<span class='e-n-accordion-item-title-icon'>\n\t\t\t<span class='e-opened' ><\/span>\n\t\t\t<span class='e-closed'><\/span>\n\t\t<\/span>\n\n\t\t\t\t\t\t<\/summary>\n\t\t\t\t<div role=\"region\" aria-labelledby=\"e-n-accordion-item-2101\" class=\"elementor-element elementor-element-bd64ece e-con-full e-flex e-con e-child\" data-id=\"bd64ece\" data-element_type=\"container\" data-e-type=\"container\">\n\t\t\t\t<div class=\"elementor-element elementor-element-9df9490 elementor-widget elementor-widget-text-editor\" data-id=\"9df9490\" data-element_type=\"widget\" data-e-type=\"widget\" data-widget_type=\"text-editor.default\">\n\t\t\t\t<div class=\"elementor-widget-container\">\n\t\t\t\t\t\t\t\t\t<p>P\u00e5 Pack Point Nordic speglas m\u00e5nga olika aktuella aspekter p\u00e5 f\u00f6rpackningar. P\u00e5 scen deltar omkring ett 15-tal talare representerande anv\u00e4ndare, utvecklare och beslutsfattare fr\u00e5n hela v\u00e4rdekedjan f\u00f6r f\u00f6rpackningar. Konferensen som \u00e4r \u00e5rligen \u00e5terkommande har blivit en viktig m\u00f6tesplats f\u00f6r att inom v\u00e4rdekedjan utbyta erfarenheter och i dialog f\u00f6ra sakfr\u00e5gor fram\u00e5t.<\/p><p>Konferensen h\u00e5lls p\u00e5 svenska, ibland med inslag av presentationer p\u00e5 engelska, av talare fr\u00e5n n\u00e5got av v\u00e5ra nordiska grannl\u00e4nder eller annat europeiskt land.<\/p><p>Pack Point Nordic belyser aktuella fr\u00e5gor f\u00f6r s\u00e5v\u00e4l konsumentf\u00f6rpackningar, verksamhetsf\u00f6rpackningar (B2B), som e-handel och transporter med fokus p\u00e5 nya l\u00f6sningar f\u00f6r en smartare f\u00f6rpackningsanv\u00e4ndning.<\/p>\t\t\t\t\t\t\t\t<\/div>\n\t\t\t\t<\/div>\n\t\t\t\t<\/div>\n\t\t\t\t\t<\/details>\n\t\t\t\t\t\t<details id=\"e-n-accordion-item-2102\" class=\"e-n-accordion-item\" >\n\t\t\t\t<summary class=\"e-n-accordion-item-title\" data-accordion-index=\"3\" tabindex=\"-1\" aria-expanded=\"false\" aria-controls=\"e-n-accordion-item-2102\" >\n\t\t\t\t\t<span class='e-n-accordion-item-title-header'><div class=\"e-n-accordion-item-title-text\"> Information <\/div><\/span>\n\t\t\t\t\t\t\t<span class='e-n-accordion-item-title-icon'>\n\t\t\t<span class='e-opened' ><\/span>\n\t\t\t<span class='e-closed'><\/span>\n\t\t<\/span>\n\n\t\t\t\t\t\t<\/summary>\n\t\t\t\t<div role=\"region\" aria-labelledby=\"e-n-accordion-item-2102\" class=\"elementor-element elementor-element-1a69cee e-con-full e-flex e-con e-child\" data-id=\"1a69cee\" data-element_type=\"container\" data-e-type=\"container\">\n\t\t\t\t<div class=\"elementor-element elementor-element-855d1b8 elementor-widget elementor-widget-text-editor\" data-id=\"855d1b8\" data-element_type=\"widget\" data-e-type=\"widget\" data-widget_type=\"text-editor.default\">\n\t\t\t\t<div class=\"elementor-widget-container\">\n\t\t\t\t\t\t\t\t\t<p>P\u00e5 Pack Point Nordic speglas m\u00e5nga olika aktuella aspekter p\u00e5 f\u00f6rpackningar. P\u00e5 scen deltar omkring ett 15-tal talare representerande anv\u00e4ndare, utvecklare och beslutsfattare fr\u00e5n hela v\u00e4rdekedjan f\u00f6r f\u00f6rpackningar. Konferensen som \u00e4r \u00e5rligen \u00e5terkommande har blivit en viktig m\u00f6tesplats f\u00f6r att inom v\u00e4rdekedjan utbyta erfarenheter och i dialog f\u00f6ra sakfr\u00e5gor fram\u00e5t.<\/p><p>Konferensen h\u00e5lls p\u00e5 svenska, ibland med inslag av presentationer p\u00e5 engelska, av talare fr\u00e5n n\u00e5got av v\u00e5ra nordiska grannl\u00e4nder eller annat europeiskt land.<\/p><p>Pack Point Nordic belyser aktuella fr\u00e5gor f\u00f6r s\u00e5v\u00e4l konsumentf\u00f6rpackningar, verksamhetsf\u00f6rpackningar (B2B), som e-handel och transporter med fokus p\u00e5 nya l\u00f6sningar f\u00f6r en smartare f\u00f6rpackningsanv\u00e4ndning.<\/p>\t\t\t\t\t\t\t\t<\/div>\n\t\t\t\t<\/div>\n\t\t\t\t<\/div>\n\t\t\t\t\t<\/details>\n\t\t\t\t\t<\/div>\n\t\t\t\t\t\t<\/div>\n\t\t\t\t<\/div>\n\t\t\t\t<\/div>\n\t\t<div class=\"elementor-element elementor-element-d4f72b4 e-con-full e-flex e-con e-child\" data-id=\"d4f72b4\" data-element_type=\"container\" data-e-type=\"container\">\n\t\t\t\t<\/div>\n\t\t\t\t\t<\/div>\n\t\t\t\t<\/div>\n\t\t\t\t<\/div>\n\t\t","protected":false},"excerpt":{"rendered":"<p>\/*! elementor &#8211; v3.18.0 &#8211; 20-12-2023 *\/ .elementor-heading-title{padding:0;margin:0;line-height:1}.elementor-widget-heading .elementor-heading-title[class*=elementor-size-]&gt;a{color:inherit;font-size:inherit;line-height:inherit}.elementor-widget-heading .elementor-heading-title.elementor-size-small{font-size:15px}.elementor-widget-heading .elementor-heading-title.elementor-size-medium{font-size:19px}.elementor-widget-heading .elementor-heading-title.elementor-size-large{font-size:29px}.elementor-widget-heading .elementor-heading-title.elementor-size-xl{font-size:39px}.elementor-widget-heading .elementor-heading-title.elementor-size-xxl{font-size:59px} FAQ Find svar p\u00e5 ofte stillet sp\u00f8rgsm\u00e5l Priser? \/*! elementor &#8211; v3.18.0 &#8211; 20-12-2023 *\/ .elementor-widget-text-editor.elementor-drop-cap-view-stacked .elementor-drop-cap{background-color:#69727d;color:#fff}.elementor-widget-text-editor.elementor-drop-cap-view-framed .elementor-drop-cap{color:#69727d;border:3px solid;background-color:transparent}.elementor-widget-text-editor:not(.elementor-drop-cap-view-default) .elementor-drop-cap{margin-top:8px}.elementor-widget-text-editor:not(.elementor-drop-cap-view-default) .elementor-drop-cap-letter{width:1em;height:1em}.elementor-widget-text-editor .elementor-drop-cap{float:left;text-align:center;line-height:1;font-size:50px}.elementor-widget-text-editor .elementor-drop-cap-letter{display:inline-block} P\u00e5 Pack Point Nordic speglas m\u00e5nga olika aktuella aspekter p\u00e5 f\u00f6rpackningar. P\u00e5 scen deltar omkring ett 15-tal talare [&hellip;]<\/p>\n","protected":false},"author":1,"featured_media":0,"parent":0,"menu_order":0,"comment_status":"closed","ping_status":"closed","template":"elementor_header_footer","meta":{"_acf_changed":false,"inline_featured_image":false,"footnotes":""},"class_list":["post-696","page","type-page","status-publish","hentry"],"acf":[],"_links":{"self":[{"href":"https:\/\/nmevents.dk\/seminar\/wp-json\/wp\/v2\/pages\/696","targetHints":{"allow":["GET"]}}],"collection":[{"href":"https:\/\/nmevents.dk\/seminar\/wp-json\/wp\/v2\/pages"}],"about":[{"href":"https:\/\/nmevents.dk\/seminar\/wp-json\/wp\/v2\/types\/page"}],"author":[{"embeddable":true,"href":"https:\/\/nmevents.dk\/seminar\/wp-json\/wp\/v2\/users\/1"}],"replies":[{"embeddable":true,"href":"https:\/\/nmevents.dk\/seminar\/wp-json\/wp\/v2\/comments?post=696"}],"version-history":[{"count":0,"href":"https:\/\/nmevents.dk\/seminar\/wp-json\/wp\/v2\/pages\/696\/revisions"}],"wp:attachment":[{"href":"https:\/\/nmevents.dk\/seminar\/wp-json\/wp\/v2\/media?parent=696"}],"curies":[{"name":"wp","href":"https:\/\/api.w.org\/{rel}","templated":true}]}}