{"id":742,"date":"2023-12-15T09:45:20","date_gmt":"2023-12-15T07:45:20","guid":{"rendered":"https:\/\/eventdk.nordiske-medier.dk\/pack-point-nordic\/?page_id=742"},"modified":"2023-12-15T09:45:20","modified_gmt":"2023-12-15T07:45:20","slug":"talere-blaa","status":"publish","type":"page","link":"https:\/\/nmevents.dk\/seminar\/talere-blaa\/","title":{"rendered":"Talere (Bl\u00e5)"},"content":{"rendered":"\t\t<div data-elementor-type=\"wp-page\" data-elementor-id=\"742\" class=\"elementor elementor-742\" data-elementor-post-type=\"page\">\n\t\t\t\t<div class=\"elementor-element elementor-element-161b7ee e-flex e-con-boxed e-con e-parent\" data-id=\"161b7ee\" data-element_type=\"container\" data-e-type=\"container\">\n\t\t\t\t\t<div class=\"e-con-inner\">\n\t\t<div class=\"elementor-element elementor-element-26cf191 e-con-full e-flex e-con e-child\" data-id=\"26cf191\" data-element_type=\"container\" data-e-type=\"container\">\n\t\t\t\t<div class=\"elementor-element elementor-element-903ff10 elementor-widget elementor-widget-heading\" data-id=\"903ff10\" data-element_type=\"widget\" data-e-type=\"widget\" data-widget_type=\"heading.default\">\n\t\t\t\t<div class=\"elementor-widget-container\">\n\t\t\t\t\t<h1 class=\"elementor-heading-title elementor-size-default\">Talere<\/h1>\t\t\t\t<\/div>\n\t\t\t\t<\/div>\n\t\t\t\t<\/div>\n\t\t\t\t\t<\/div>\n\t\t\t\t<\/div>\n\t\t<div class=\"elementor-element elementor-element-b7130e5 e-flex e-con-boxed e-con e-parent\" data-id=\"b7130e5\" data-element_type=\"container\" data-e-type=\"container\">\n\t\t\t\t\t<div class=\"e-con-inner\">\n\t\t<div class=\"elementor-element elementor-element-b6deee5 e-con-full e-flex e-con e-child\" data-id=\"b6deee5\" data-element_type=\"container\" data-e-type=\"container\" data-settings=\"{&quot;background_background&quot;:&quot;classic&quot;}\">\n\t\t\t\t<div class=\"elementor-element elementor-element-177c685 elementor-widget elementor-widget-image\" data-id=\"177c685\" data-element_type=\"widget\" data-e-type=\"widget\" data-widget_type=\"image.default\">\n\t\t\t\t<div class=\"elementor-widget-container\">\n\t\t\t\t\t\t\t\t\t\t\t\t\t\t\t<img decoding=\"async\" src=\"https:\/\/eventdk.nordiske-medier.dk\/pack-point-nordic\/wp-content\/uploads\/sites\/2\/2023\/11\/Cathrine-Suter-Ossborn.jpg\" title=\"\" alt=\"\" loading=\"lazy\" \/>\t\t\t\t\t\t\t\t\t\t\t\t\t\t\t<\/div>\n\t\t\t\t<\/div>\n\t\t\t\t<div class=\"elementor-element elementor-element-222408e elementor-widget elementor-widget-text-editor\" data-id=\"222408e\" data-element_type=\"widget\" data-e-type=\"widget\" data-widget_type=\"text-editor.default\">\n\t\t\t\t<div class=\"elementor-widget-container\">\n\t\t\t\t\t\t\t\t\t<p><strong>Cathrine Suter Ossborn<br \/><\/strong>Nestl\u00e9<\/p>\t\t\t\t\t\t\t\t<\/div>\n\t\t\t\t<\/div>\n\t\t\t\t<div class=\"elementor-element elementor-element-d26c153 elementor-widget elementor-widget-text-editor\" data-id=\"d26c153\" data-element_type=\"widget\" data-e-type=\"widget\" data-widget_type=\"text-editor.default\">\n\t\t\t\t<div class=\"elementor-widget-container\">\n\t\t\t\t\t\t\t\t\t<p>Pack Point Nordic belyser aktuella fr\u00e5gor f\u00f6r s\u00e5v\u00e4l konsumentf\u00f6rpackningar, verksamhetsf\u00f6rpackningar (B2B), som e-handel och transporter med fokus p\u00e5 nya l\u00f6sningar f\u00f6r en smartare f\u00f6rpackningsanv\u00e4ndning.<\/p>\t\t\t\t\t\t\t\t<\/div>\n\t\t\t\t<\/div>\n\t\t\t\t<\/div>\n\t\t<div class=\"elementor-element elementor-element-8af4828 e-con-full e-flex e-con e-child\" data-id=\"8af4828\" data-element_type=\"container\" data-e-type=\"container\" data-settings=\"{&quot;background_background&quot;:&quot;classic&quot;}\">\n\t\t\t\t<div class=\"elementor-element elementor-element-02dcf01 elementor-widget elementor-widget-image\" data-id=\"02dcf01\" data-element_type=\"widget\" data-e-type=\"widget\" data-widget_type=\"image.default\">\n\t\t\t\t<div class=\"elementor-widget-container\">\n\t\t\t\t\t\t\t\t\t\t\t\t\t\t\t<img decoding=\"async\" src=\"https:\/\/eventdk.nordiske-medier.dk\/pack-point-nordic\/wp-content\/uploads\/sites\/2\/2023\/11\/Cathrine-Suter-Ossborn.jpg\" title=\"\" alt=\"\" loading=\"lazy\" \/>\t\t\t\t\t\t\t\t\t\t\t\t\t\t\t<\/div>\n\t\t\t\t<\/div>\n\t\t\t\t<div class=\"elementor-element elementor-element-36dd6bf elementor-widget elementor-widget-text-editor\" data-id=\"36dd6bf\" data-element_type=\"widget\" data-e-type=\"widget\" data-widget_type=\"text-editor.default\">\n\t\t\t\t<div class=\"elementor-widget-container\">\n\t\t\t\t\t\t\t\t\t<p><strong>Cathrine Suter Ossborn<br \/><\/strong>Nestl\u00e9<\/p>\t\t\t\t\t\t\t\t<\/div>\n\t\t\t\t<\/div>\n\t\t\t\t<div class=\"elementor-element elementor-element-87adfbc elementor-widget elementor-widget-text-editor\" data-id=\"87adfbc\" data-element_type=\"widget\" data-e-type=\"widget\" data-widget_type=\"text-editor.default\">\n\t\t\t\t<div class=\"elementor-widget-container\">\n\t\t\t\t\t\t\t\t\t<p>Pack Point Nordic belyser aktuella fr\u00e5gor f\u00f6r s\u00e5v\u00e4l konsumentf\u00f6rpackningar, verksamhetsf\u00f6rpackningar (B2B), som e-handel och transporter med fokus p\u00e5 nya l\u00f6sningar f\u00f6r en smartare f\u00f6rpackningsanv\u00e4ndning.<\/p>\t\t\t\t\t\t\t\t<\/div>\n\t\t\t\t<\/div>\n\t\t\t\t<\/div>\n\t\t<div class=\"elementor-element elementor-element-f1a1689 e-con-full e-flex e-con e-child\" data-id=\"f1a1689\" data-element_type=\"container\" data-e-type=\"container\" data-settings=\"{&quot;background_background&quot;:&quot;classic&quot;}\">\n\t\t\t\t<div class=\"elementor-element elementor-element-1509d36 elementor-widget elementor-widget-image\" data-id=\"1509d36\" data-element_type=\"widget\" data-e-type=\"widget\" data-widget_type=\"image.default\">\n\t\t\t\t<div class=\"elementor-widget-container\">\n\t\t\t\t\t\t\t\t\t\t\t\t\t\t\t<img decoding=\"async\" src=\"https:\/\/eventdk.nordiske-medier.dk\/pack-point-nordic\/wp-content\/uploads\/sites\/2\/2023\/11\/Cathrine-Suter-Ossborn.jpg\" title=\"\" alt=\"\" loading=\"lazy\" \/>\t\t\t\t\t\t\t\t\t\t\t\t\t\t\t<\/div>\n\t\t\t\t<\/div>\n\t\t\t\t<div class=\"elementor-element elementor-element-d9076ee elementor-widget elementor-widget-text-editor\" data-id=\"d9076ee\" data-element_type=\"widget\" data-e-type=\"widget\" data-widget_type=\"text-editor.default\">\n\t\t\t\t<div class=\"elementor-widget-container\">\n\t\t\t\t\t\t\t\t\t<p><strong>Cathrine Suter Ossborn<br \/><\/strong>Nestl\u00e9<\/p>\t\t\t\t\t\t\t\t<\/div>\n\t\t\t\t<\/div>\n\t\t\t\t<div class=\"elementor-element elementor-element-9217299 elementor-widget elementor-widget-text-editor\" data-id=\"9217299\" data-element_type=\"widget\" data-e-type=\"widget\" data-widget_type=\"text-editor.default\">\n\t\t\t\t<div class=\"elementor-widget-container\">\n\t\t\t\t\t\t\t\t\t<p>Pack Point Nordic belyser aktuella fr\u00e5gor f\u00f6r s\u00e5v\u00e4l konsumentf\u00f6rpackningar, verksamhetsf\u00f6rpackningar (B2B), som e-handel och transporter med fokus p\u00e5 nya l\u00f6sningar f\u00f6r en smartare f\u00f6rpackningsanv\u00e4ndning.<\/p>\t\t\t\t\t\t\t\t<\/div>\n\t\t\t\t<\/div>\n\t\t\t\t<\/div>\n\t\t<div class=\"elementor-element elementor-element-23d1443 e-con-full e-flex e-con e-child\" data-id=\"23d1443\" data-element_type=\"container\" data-e-type=\"container\" data-settings=\"{&quot;background_background&quot;:&quot;classic&quot;}\">\n\t\t\t\t<div class=\"elementor-element elementor-element-5c5cf16 elementor-widget elementor-widget-image\" data-id=\"5c5cf16\" data-element_type=\"widget\" data-e-type=\"widget\" data-widget_type=\"image.default\">\n\t\t\t\t<div class=\"elementor-widget-container\">\n\t\t\t\t\t\t\t\t\t\t\t\t\t\t\t<img decoding=\"async\" src=\"https:\/\/eventdk.nordiske-medier.dk\/pack-point-nordic\/wp-content\/uploads\/sites\/2\/2023\/11\/Cathrine-Suter-Ossborn.jpg\" title=\"\" alt=\"\" loading=\"lazy\" \/>\t\t\t\t\t\t\t\t\t\t\t\t\t\t\t<\/div>\n\t\t\t\t<\/div>\n\t\t\t\t<div class=\"elementor-element elementor-element-5bb420d elementor-widget elementor-widget-text-editor\" data-id=\"5bb420d\" data-element_type=\"widget\" data-e-type=\"widget\" data-widget_type=\"text-editor.default\">\n\t\t\t\t<div class=\"elementor-widget-container\">\n\t\t\t\t\t\t\t\t\t<p><strong>Cathrine Suter Ossborn<br \/><\/strong>Nestl\u00e9<\/p>\t\t\t\t\t\t\t\t<\/div>\n\t\t\t\t<\/div>\n\t\t\t\t<div class=\"elementor-element elementor-element-84c9bcd elementor-widget elementor-widget-text-editor\" data-id=\"84c9bcd\" data-element_type=\"widget\" data-e-type=\"widget\" data-widget_type=\"text-editor.default\">\n\t\t\t\t<div class=\"elementor-widget-container\">\n\t\t\t\t\t\t\t\t\t<p>Pack Point Nordic belyser aktuella fr\u00e5gor f\u00f6r s\u00e5v\u00e4l konsumentf\u00f6rpackningar, verksamhetsf\u00f6rpackningar (B2B), som e-handel och transporter med fokus p\u00e5 nya l\u00f6sningar f\u00f6r en smartare f\u00f6rpackningsanv\u00e4ndning.<\/p>\t\t\t\t\t\t\t\t<\/div>\n\t\t\t\t<\/div>\n\t\t\t\t<\/div>\n\t\t\t\t\t<\/div>\n\t\t\t\t<\/div>\n\t\t<div class=\"elementor-element elementor-element-675b4fb e-flex e-con-boxed e-con e-parent\" data-id=\"675b4fb\" data-element_type=\"container\" data-e-type=\"container\">\n\t\t\t\t\t<div class=\"e-con-inner\">\n\t\t<div class=\"elementor-element elementor-element-620ed8d e-con-full e-flex e-con e-child\" data-id=\"620ed8d\" data-element_type=\"container\" data-e-type=\"container\" data-settings=\"{&quot;background_background&quot;:&quot;classic&quot;}\">\n\t\t\t\t<div class=\"elementor-element elementor-element-db09557 elementor-widget elementor-widget-image\" data-id=\"db09557\" data-element_type=\"widget\" data-e-type=\"widget\" data-widget_type=\"image.default\">\n\t\t\t\t<div class=\"elementor-widget-container\">\n\t\t\t\t\t\t\t\t\t\t\t\t\t\t\t<img decoding=\"async\" src=\"https:\/\/eventdk.nordiske-medier.dk\/pack-point-nordic\/wp-content\/uploads\/sites\/2\/2023\/11\/Cathrine-Suter-Ossborn.jpg\" title=\"\" alt=\"\" loading=\"lazy\" \/>\t\t\t\t\t\t\t\t\t\t\t\t\t\t\t<\/div>\n\t\t\t\t<\/div>\n\t\t\t\t<div class=\"elementor-element elementor-element-b0852f8 elementor-widget elementor-widget-text-editor\" data-id=\"b0852f8\" data-element_type=\"widget\" data-e-type=\"widget\" data-widget_type=\"text-editor.default\">\n\t\t\t\t<div class=\"elementor-widget-container\">\n\t\t\t\t\t\t\t\t\t<p><strong>Cathrine Suter Ossborn<br \/><\/strong>Nestl\u00e9<\/p>\t\t\t\t\t\t\t\t<\/div>\n\t\t\t\t<\/div>\n\t\t\t\t<div class=\"elementor-element elementor-element-af9a9e5 elementor-widget elementor-widget-text-editor\" data-id=\"af9a9e5\" data-element_type=\"widget\" data-e-type=\"widget\" data-widget_type=\"text-editor.default\">\n\t\t\t\t<div class=\"elementor-widget-container\">\n\t\t\t\t\t\t\t\t\t<p>Pack Point Nordic belyser aktuella fr\u00e5gor f\u00f6r s\u00e5v\u00e4l konsumentf\u00f6rpackningar, verksamhetsf\u00f6rpackningar (B2B), som e-handel och transporter med fokus p\u00e5 nya l\u00f6sningar f\u00f6r en smartare f\u00f6rpackningsanv\u00e4ndning.<\/p>\t\t\t\t\t\t\t\t<\/div>\n\t\t\t\t<\/div>\n\t\t\t\t<\/div>\n\t\t<div class=\"elementor-element elementor-element-bd899ad e-con-full e-flex e-con e-child\" data-id=\"bd899ad\" data-element_type=\"container\" data-e-type=\"container\" data-settings=\"{&quot;background_background&quot;:&quot;classic&quot;}\">\n\t\t\t\t<div class=\"elementor-element elementor-element-66ee21f elementor-widget elementor-widget-image\" data-id=\"66ee21f\" data-element_type=\"widget\" data-e-type=\"widget\" data-widget_type=\"image.default\">\n\t\t\t\t<div class=\"elementor-widget-container\">\n\t\t\t\t\t\t\t\t\t\t\t\t\t\t\t<img decoding=\"async\" src=\"https:\/\/eventdk.nordiske-medier.dk\/pack-point-nordic\/wp-content\/uploads\/sites\/2\/2023\/11\/Cathrine-Suter-Ossborn.jpg\" title=\"\" alt=\"\" loading=\"lazy\" \/>\t\t\t\t\t\t\t\t\t\t\t\t\t\t\t<\/div>\n\t\t\t\t<\/div>\n\t\t\t\t<div class=\"elementor-element elementor-element-0ede994 elementor-widget elementor-widget-text-editor\" data-id=\"0ede994\" data-element_type=\"widget\" data-e-type=\"widget\" data-widget_type=\"text-editor.default\">\n\t\t\t\t<div class=\"elementor-widget-container\">\n\t\t\t\t\t\t\t\t\t<p><strong>Cathrine Suter Ossborn<br \/><\/strong>Nestl\u00e9<\/p>\t\t\t\t\t\t\t\t<\/div>\n\t\t\t\t<\/div>\n\t\t\t\t<div class=\"elementor-element elementor-element-8c8dc9c elementor-widget elementor-widget-text-editor\" data-id=\"8c8dc9c\" data-element_type=\"widget\" data-e-type=\"widget\" data-widget_type=\"text-editor.default\">\n\t\t\t\t<div class=\"elementor-widget-container\">\n\t\t\t\t\t\t\t\t\t<p>Pack Point Nordic belyser aktuella fr\u00e5gor f\u00f6r s\u00e5v\u00e4l konsumentf\u00f6rpackningar, verksamhetsf\u00f6rpackningar (B2B), som e-handel och transporter med fokus p\u00e5 nya l\u00f6sningar f\u00f6r en smartare f\u00f6rpackningsanv\u00e4ndning.<\/p>\t\t\t\t\t\t\t\t<\/div>\n\t\t\t\t<\/div>\n\t\t\t\t<\/div>\n\t\t<div class=\"elementor-element elementor-element-a252a6e e-con-full e-flex e-con e-child\" data-id=\"a252a6e\" data-element_type=\"container\" data-e-type=\"container\" data-settings=\"{&quot;background_background&quot;:&quot;classic&quot;}\">\n\t\t\t\t<div class=\"elementor-element elementor-element-30f18d0 elementor-widget elementor-widget-image\" data-id=\"30f18d0\" data-element_type=\"widget\" data-e-type=\"widget\" data-widget_type=\"image.default\">\n\t\t\t\t<div class=\"elementor-widget-container\">\n\t\t\t\t\t\t\t\t\t\t\t\t\t\t\t<img decoding=\"async\" src=\"https:\/\/eventdk.nordiske-medier.dk\/pack-point-nordic\/wp-content\/uploads\/sites\/2\/2023\/11\/Cathrine-Suter-Ossborn.jpg\" title=\"\" alt=\"\" loading=\"lazy\" \/>\t\t\t\t\t\t\t\t\t\t\t\t\t\t\t<\/div>\n\t\t\t\t<\/div>\n\t\t\t\t<div class=\"elementor-element elementor-element-2096dec elementor-widget elementor-widget-text-editor\" data-id=\"2096dec\" data-element_type=\"widget\" data-e-type=\"widget\" data-widget_type=\"text-editor.default\">\n\t\t\t\t<div class=\"elementor-widget-container\">\n\t\t\t\t\t\t\t\t\t<p><strong>Cathrine Suter Ossborn<br \/><\/strong>Nestl\u00e9<\/p>\t\t\t\t\t\t\t\t<\/div>\n\t\t\t\t<\/div>\n\t\t\t\t<div class=\"elementor-element elementor-element-737599e elementor-widget elementor-widget-text-editor\" data-id=\"737599e\" data-element_type=\"widget\" data-e-type=\"widget\" data-widget_type=\"text-editor.default\">\n\t\t\t\t<div class=\"elementor-widget-container\">\n\t\t\t\t\t\t\t\t\t<p>Pack Point Nordic belyser aktuella fr\u00e5gor f\u00f6r s\u00e5v\u00e4l konsumentf\u00f6rpackningar, verksamhetsf\u00f6rpackningar (B2B), som e-handel och transporter med fokus p\u00e5 nya l\u00f6sningar f\u00f6r en smartare f\u00f6rpackningsanv\u00e4ndning.<\/p>\t\t\t\t\t\t\t\t<\/div>\n\t\t\t\t<\/div>\n\t\t\t\t<\/div>\n\t\t<div class=\"elementor-element elementor-element-58ff5cf e-con-full e-flex e-con e-child\" data-id=\"58ff5cf\" data-element_type=\"container\" data-e-type=\"container\" data-settings=\"{&quot;background_background&quot;:&quot;classic&quot;}\">\n\t\t\t\t<div class=\"elementor-element elementor-element-1a9349c elementor-widget elementor-widget-image\" data-id=\"1a9349c\" data-element_type=\"widget\" data-e-type=\"widget\" data-widget_type=\"image.default\">\n\t\t\t\t<div class=\"elementor-widget-container\">\n\t\t\t\t\t\t\t\t\t\t\t\t\t\t\t<img decoding=\"async\" src=\"https:\/\/eventdk.nordiske-medier.dk\/pack-point-nordic\/wp-content\/uploads\/sites\/2\/2023\/11\/Cathrine-Suter-Ossborn.jpg\" title=\"\" alt=\"\" loading=\"lazy\" \/>\t\t\t\t\t\t\t\t\t\t\t\t\t\t\t<\/div>\n\t\t\t\t<\/div>\n\t\t\t\t<div class=\"elementor-element elementor-element-3fbda3f elementor-widget elementor-widget-text-editor\" data-id=\"3fbda3f\" data-element_type=\"widget\" data-e-type=\"widget\" data-widget_type=\"text-editor.default\">\n\t\t\t\t<div class=\"elementor-widget-container\">\n\t\t\t\t\t\t\t\t\t<p><strong>Cathrine Suter Ossborn<br \/><\/strong>Nestl\u00e9<\/p>\t\t\t\t\t\t\t\t<\/div>\n\t\t\t\t<\/div>\n\t\t\t\t<div class=\"elementor-element elementor-element-968d7b1 elementor-widget elementor-widget-text-editor\" data-id=\"968d7b1\" data-element_type=\"widget\" data-e-type=\"widget\" data-widget_type=\"text-editor.default\">\n\t\t\t\t<div class=\"elementor-widget-container\">\n\t\t\t\t\t\t\t\t\t<p>Pack Point Nordic belyser aktuella fr\u00e5gor f\u00f6r s\u00e5v\u00e4l konsumentf\u00f6rpackningar, verksamhetsf\u00f6rpackningar (B2B), som e-handel och transporter med fokus p\u00e5 nya l\u00f6sningar f\u00f6r en smartare f\u00f6rpackningsanv\u00e4ndning.<\/p>\t\t\t\t\t\t\t\t<\/div>\n\t\t\t\t<\/div>\n\t\t\t\t<\/div>\n\t\t\t\t\t<\/div>\n\t\t\t\t<\/div>\n\t\t\t\t<\/div>\n\t\t","protected":false},"excerpt":{"rendered":"<p>\/*! elementor &#8211; v3.18.0 &#8211; 08-12-2023 *\/ .elementor-heading-title{padding:0;margin:0;line-height:1}.elementor-widget-heading .elementor-heading-title[class*=elementor-size-]&gt;a{color:inherit;font-size:inherit;line-height:inherit}.elementor-widget-heading .elementor-heading-title.elementor-size-small{font-size:15px}.elementor-widget-heading .elementor-heading-title.elementor-size-medium{font-size:19px}.elementor-widget-heading .elementor-heading-title.elementor-size-large{font-size:29px}.elementor-widget-heading .elementor-heading-title.elementor-size-xl{font-size:39px}.elementor-widget-heading .elementor-heading-title.elementor-size-xxl{font-size:59px} Talere \/*! elementor &#8211; v3.18.0 &#8211; 08-12-2023 *\/ .elementor-widget-image{text-align:center}.elementor-widget-image a{display:inline-block}.elementor-widget-image a img[src$=&#8221;.svg&#8221;]{width:48px}.elementor-widget-image img{vertical-align:middle;display:inline-block} Cathrine Suter OssbornNestl\u00e9 Pack Point Nordic belyser aktuella fr\u00e5gor f\u00f6r s\u00e5v\u00e4l konsumentf\u00f6rpackningar, verksamhetsf\u00f6rpackningar (B2B), som e-handel och transporter med fokus p\u00e5 nya l\u00f6sningar f\u00f6r en smartare f\u00f6rpackningsanv\u00e4ndning. Cathrine [&hellip;]<\/p>\n","protected":false},"author":1,"featured_media":0,"parent":0,"menu_order":0,"comment_status":"closed","ping_status":"closed","template":"elementor_header_footer","meta":{"_acf_changed":false,"inline_featured_image":false,"footnotes":""},"class_list":["post-742","page","type-page","status-publish","hentry"],"acf":[],"_links":{"self":[{"href":"https:\/\/nmevents.dk\/seminar\/wp-json\/wp\/v2\/pages\/742","targetHints":{"allow":["GET"]}}],"collection":[{"href":"https:\/\/nmevents.dk\/seminar\/wp-json\/wp\/v2\/pages"}],"about":[{"href":"https:\/\/nmevents.dk\/seminar\/wp-json\/wp\/v2\/types\/page"}],"author":[{"embeddable":true,"href":"https:\/\/nmevents.dk\/seminar\/wp-json\/wp\/v2\/users\/1"}],"replies":[{"embeddable":true,"href":"https:\/\/nmevents.dk\/seminar\/wp-json\/wp\/v2\/comments?post=742"}],"version-history":[{"count":0,"href":"https:\/\/nmevents.dk\/seminar\/wp-json\/wp\/v2\/pages\/742\/revisions"}],"wp:attachment":[{"href":"https:\/\/nmevents.dk\/seminar\/wp-json\/wp\/v2\/media?parent=742"}],"curies":[{"name":"wp","href":"https:\/\/api.w.org\/{rel}","templated":true}]}}